{"id":5034,"date":"2020-12-21T11:19:53","date_gmt":"2020-12-21T10:19:53","guid":{"rendered":"https:\/\/peekin.me\/?page_id=5034"},"modified":"2023-09-21T17:18:49","modified_gmt":"2023-09-21T15:18:49","slug":"the-peekin-touch","status":"publish","type":"page","link":"https:\/\/peekin.me\/en\/the-peekin-touch\/","title":{"rendered":"The PeeK&#8217;in touch"},"content":{"rendered":"<section class=\"l-section wpb_row us_custom_1bf0bfa1 height_medium\"><div class=\"l-section-h i-cf\"><div class=\"g-cols vc_row via_flex valign_top type_default stacking_default\"><div class=\"vc_col-sm-12 wpb_column vc_column_container\"><div class=\"vc_column-inner\"><div class=\"wpb_wrapper\"><h1 class=\"w-post-elm post_title title-bar align_center entry-title color_link_inherit\">The PeeK&#8217;in touch<\/h1><div class=\"wpb_text_column\"><div class=\"wpb_wrapper\"><h2 class=\"headline-5 light\" style=\"text-align: center\">The aim of PeeK&#8217;in is to facilitate the recovery of lost and found items and to save time for the teams who manage them. In other words: to be of service!<\/h2>\n<\/div><\/div><\/div><\/div><\/div><\/div><\/div><\/section><section class=\"l-section wpb_row height_medium\"><div class=\"l-section-h i-cf\"><div class=\"g-cols vc_row via_flex valign_middle type_default stacking_default\"><div class=\"vc_col-sm-6 wpb_column vc_column_container\"><div class=\"vc_column-inner\"><div class=\"wpb_wrapper\"><div class=\"wpb_text_column\"><div class=\"wpb_wrapper\"><h2 class=\"line-title\">Once upon a time&#8230;<\/h2>\n<p>At the origin of PeeK&#8217;in there is J\u00e9r\u00f4me Pasquet, our founder. Used to travelling for work, he noticed that not a week went by, without him or one of his colleagues forgetting an item in a hotel. With long delays, difficulties to settle a shipment, and packages made from old boxes, he has seen it all!<\/p>\n<p>After discussing theses issues with hoteliers, he ordered a market study which confirmed that there were many more in the same situation. PeeK&#8217;in was born, with the aim of freeing professionals from these time-consuming tasks. They are happy<strong> to concentrate on their job and become available for their customers<\/strong>.<\/p>\n<\/div><\/div><\/div><\/div><\/div><div class=\"vc_col-sm-6 wpb_column vc_column_container\"><div class=\"vc_column-inner\"><div class=\"wpb_wrapper\"><div class=\"w-image align_center\"><div class=\"w-image-h\"><img decoding=\"async\" width=\"1200\" height=\"938\" src=\"https:\/\/peekin.me\/wp-content\/uploads\/photo-equipe-seminaire.jpg\" class=\"attachment-full size-full\" alt=\"\" loading=\"lazy\" srcset=\"https:\/\/peekin.me\/wp-content\/uploads\/photo-equipe-seminaire.jpg 1200w, https:\/\/peekin.me\/wp-content\/uploads\/photo-equipe-seminaire-300x235.jpg 300w, https:\/\/peekin.me\/wp-content\/uploads\/photo-equipe-seminaire-1024x800.jpg 1024w, https:\/\/peekin.me\/wp-content\/uploads\/photo-equipe-seminaire-100x78.jpg 100w\" sizes=\"auto, (max-width: 1200px) 100vw, 1200px\" \/><\/div><\/div><\/div><\/div><\/div><\/div><\/div><\/section><section class=\"l-section wpb_row motif height_medium color_alternate with_img\"><div class=\"l-section-img\" role=\"img\" aria-label=\"Image\" data-img-width=\"\" data-img-height=\"\" style=\"background-image: url(https:\/\/peekin.me\/wp-content\/uploads\/new-background-motif.svg);background-size: auto;\"><\/div><div class=\"l-section-h i-cf\"><div class=\"g-cols vc_row via_flex valign_middle type_default stacking_default\"><div class=\"vc_col-sm-6 wpb_column vc_column_container\"><div class=\"vc_column-inner\"><div class=\"wpb_wrapper\">[vc_raw_html]JTNDZGl2JTNFJTBBJTNDZGl2JTIwY2xhc3MlM0QlMjJ2aWRlby13cmFwcGVyJTIyJTNFJTBBJTIwJTIwJTNDZGl2JTIwY2xhc3MlM0QlMjJ2aWRlby1jb250YWluZXIlMjIlM0UlMEElMjAlMjAlM0MlMkZkaXYlM0UlMEElMjAlMjAlM0NidXR0b24lMjBjbGFzcyUzRCUyMnBsYXktYnV0dG9uJTIyJTIwaWQlM0QlMjJjb3ZlciUyMiUzRSUzQyUyRmJ1dHRvbiUzRSUwQSUyMCUyMCUyMCUyMCUzQ2ltZyUyMHNyYyUzRCUyMmh0dHBzJTNBJTJGJTJGcGVla2luLm1lJTJGd3AtY29udGVudCUyRnVwbG9hZHMlMkZQZWVraW5fSkRVX0pQQS5qcGclMjIlMjBpZCUzRCUyMmNvdmVyJTIyJTNFJTBBJTIwJTIwJTIwJTIwJTNDaWZyYW1lJTIwd2lkdGglM0QlMjIxMDAlMjUlMjIlMjBoZWlnaHQlM0QlMjIxMDAlMjUlMjIlMjBzcmMlM0QlMjJodHRwcyUzQSUyRiUyRnd3dy55b3V0dWJlLmNvbSUyRmVtYmVkJTJGemJQa1ZHRG9iLVElM0ZyZWwlM0QwJTIyJTIwZnJhbWVib3JkZXIlM0QlMjIwJTIyJTIwYWxsb3clM0QlMjJhY2NlbGVyb21ldGVyJTNCJTIwYXV0b3BsYXklM0IlMjBlbmNyeXB0ZWQtbWVkaWElM0IlMjBneXJvc2NvcGUlM0IlMjBwaWN0dXJlLWluLXBpY3R1cmUlMjIlMjBhbGxvd2Z1bGxzY3JlZW4lMjBpZCUzRCUyMnBsYXllciUyMiUzRSUzQyUyRmlmcmFtZSUzRSUwQSUzQyUyRmRpdiUzRSUwQSUzQyUyRmRpdiUzRQ==[\/vc_raw_html][vc_raw_js]JTNDc2NyaXB0JTNFJTBBc2V0SW50ZXJ2YWwlMjhmdW5jdGlvbiUyOCUyOSU3QiUwQSUyMCUyMCUyMCUyMCUyMCUyMCUyMCUyMGlmJTI4ZG9jdW1lbnQuYWN0aXZlRWxlbWVudCUyMGluc3RhbmNlb2YlMjBIVE1MSUZyYW1lRWxlbWVudCUyOSU3QiUwQSUyMCUyMCUyMCUyMCUyMCUyMCUyMCUyMCUyMCUyMCUyMCUyMGRvY3VtZW50LmdldEVsZW1lbnRCeUlkJTI4JTI3Y292ZXIlMjclMjkuc3R5bGUub3BhY2l0eSUzRDAlM0IlMEElMjAlMjAlMjAlMjAlMjAlMjAlMjAlMjAlMjAlMjAlMjAlMjBkb2N1bWVudC5nZXRFbGVtZW50QnlJZCUyOCUyN3BsYXllciUyNyUyOS5zdHlsZS5vcGFjaXR5JTNEMSUzQiUwQSUyMCUyMCUyMCUyMCUyMCUyMCUyMCUyMCU3RCUwQSUyMCUyMCUyMCUyMCU3RCUyMCUyQyUyMDUwJTI5JTNCJTBBJTNDJTJGc2NyaXB0JTNF[\/vc_raw_js]<\/div><\/div><\/div><div class=\"vc_col-sm-6 wpb_column vc_column_container\"><div class=\"vc_column-inner\"><div class=\"wpb_wrapper\"><div class=\"wpb_text_column\"><div class=\"wpb_wrapper\"><h2 class=\"line-title\">Our DNA<\/h2>\n<p><strong>PeeK&#8217;in&#8217;s DNA is to be of service for their client.<\/strong> Because hotels go out of their way to meet their customers&#8217; expectations: we all have the same objective!<\/p>\n<p>Moreover, the PeeK&#8217;in app was designed with hoteliers, and it is constantly being improved thanks to requests from our clients in all sectors: it&#8217;s <strong>co-development, with simplicity as our leitmotiv.<\/strong><\/p>\n<p>We invest ourselves daily so that the efficiency of our application and our logistic service goes hand in hand with <strong> conviviality <\/strong> : our customers appreciate that we listen to them.<\/p>\n<\/div><\/div><div class=\"w-separator size_small\"><\/div><div class=\"w-image us_custom_bf965c74 align_right\"><div class=\"w-image-h\"><img decoding=\"async\" src=\"https:\/\/peekin.me\/wp-content\/uploads\/atout-france-en.svg\" class=\"attachment-full size-full\" alt=\"\" loading=\"lazy\" \/><\/div><\/div><\/div><\/div><\/div><\/div><\/div><\/section><section class=\"l-section wpb_row height_medium\"><div class=\"l-section-h i-cf\"><div class=\"g-cols vc_row via_flex valign_top type_default stacking_default\"><div class=\"vc_col-sm-12 wpb_column vc_column_container\"><div class=\"vc_column-inner\"><div class=\"wpb_wrapper\"><div class=\"wpb_text_column\"><div class=\"wpb_wrapper\"><h2 class=\"line-title\">The team<\/h2>\n<p class=\"headline-5 light\">Various profiles with diferent background with one common thing: loving beeing of service!<\/p>\n<\/div><\/div><div class=\"w-separator size_medium\"><\/div><div class=\"w-vwrapper icons-team align_none valign_top\"><div class=\"w-iconbox iconpos_top style_default color_primary align_center icontype_img\"><div class=\"w-iconbox-icon\" style=\"font-size:11.5rem;\"><img loading=\"lazy\" decoding=\"async\" width=\"800\" height=\"800\" src=\"https:\/\/peekin.me\/wp-content\/uploads\/Jerome_Pasquet.jpg\" class=\"attachment-full size-full\" alt=\"\" srcset=\"https:\/\/peekin.me\/wp-content\/uploads\/Jerome_Pasquet.jpg 800w, https:\/\/peekin.me\/wp-content\/uploads\/Jerome_Pasquet-300x300.jpg 300w, https:\/\/peekin.me\/wp-content\/uploads\/Jerome_Pasquet-350x350.jpg 350w, https:\/\/peekin.me\/wp-content\/uploads\/Jerome_Pasquet-600x600.jpg 600w, https:\/\/peekin.me\/wp-content\/uploads\/Jerome_Pasquet-100x100.jpg 100w\" sizes=\"auto, (max-width: 800px) 100vw, 800px\" \/><\/div><div class=\"w-iconbox-meta\"><h3 class=\"w-iconbox-title\">J\u00e9r\u00f4me Pasquet<\/h3><div class=\"w-iconbox-text\"><h4 class=\"headline-5\" style=\"text-align: center\">#talkative<\/h4>\n<p style=\"text-align: center\">Founder of PeeK&#8217;in, he ensures the durability and smooth running while maintaining a trust relationship with our client.<\/p>\n<\/div><\/div><\/div><div class=\"w-iconbox iconpos_top style_default color_primary align_center icontype_img\"><div class=\"w-iconbox-icon\" style=\"font-size:11.5rem;\"><img loading=\"lazy\" decoding=\"async\" width=\"800\" height=\"800\" src=\"https:\/\/peekin.me\/wp-content\/uploads\/Jerome_Dumas.jpg\" class=\"attachment-full size-full\" alt=\"\" srcset=\"https:\/\/peekin.me\/wp-content\/uploads\/Jerome_Dumas.jpg 800w, https:\/\/peekin.me\/wp-content\/uploads\/Jerome_Dumas-300x300.jpg 300w, https:\/\/peekin.me\/wp-content\/uploads\/Jerome_Dumas-350x350.jpg 350w, https:\/\/peekin.me\/wp-content\/uploads\/Jerome_Dumas-600x600.jpg 600w, https:\/\/peekin.me\/wp-content\/uploads\/Jerome_Dumas-100x100.jpg 100w\" sizes=\"auto, (max-width: 800px) 100vw, 800px\" \/><\/div><div class=\"w-iconbox-meta\"><h3 class=\"w-iconbox-title\">J\u00e9r\u00f4me Dumas<\/h3><div class=\"w-iconbox-text\"><h4 class=\"headline-5\" style=\"text-align: center\">#technical<\/h4>\n<p style=\"text-align: center\">Computer or toolbox, it doesn&#8217;t matter to him: J\u00e9r\u00f4me is constantly building and improving his creations to improve the future!<\/p>\n<\/div><\/div><\/div><div class=\"w-iconbox iconpos_top style_default color_primary align_center icontype_img\"><div class=\"w-iconbox-icon\" style=\"font-size:11.5rem;\"><img loading=\"lazy\" decoding=\"async\" width=\"800\" height=\"800\" src=\"https:\/\/peekin.me\/wp-content\/uploads\/Pauline_Butault.jpg\" class=\"attachment-full size-full\" alt=\"\" srcset=\"https:\/\/peekin.me\/wp-content\/uploads\/Pauline_Butault.jpg 800w, https:\/\/peekin.me\/wp-content\/uploads\/Pauline_Butault-300x300.jpg 300w, https:\/\/peekin.me\/wp-content\/uploads\/Pauline_Butault-350x350.jpg 350w, https:\/\/peekin.me\/wp-content\/uploads\/Pauline_Butault-600x600.jpg 600w, https:\/\/peekin.me\/wp-content\/uploads\/Pauline_Butault-100x100.jpg 100w\" sizes=\"auto, (max-width: 800px) 100vw, 800px\" \/><\/div><div class=\"w-iconbox-meta\"><h3 class=\"w-iconbox-title\">Pauline Butault<\/h3><div class=\"w-iconbox-text\"><h4 class=\"headline-5\" style=\"text-align: center\">#international girl<\/h4>\n<p style=\"text-align: center\">She carries PeeK&#8217;in&#8217;s voice internationally! Go Go Go!<\/p>\n<\/div><\/div><\/div><div class=\"w-iconbox iconpos_top style_default color_primary align_center icontype_img\"><div class=\"w-iconbox-icon\" style=\"font-size:11.5rem;\"><img loading=\"lazy\" decoding=\"async\" width=\"800\" height=\"800\" src=\"https:\/\/peekin.me\/wp-content\/uploads\/Charly_Allemand.jpg\" class=\"attachment-full size-full\" alt=\"\" srcset=\"https:\/\/peekin.me\/wp-content\/uploads\/Charly_Allemand.jpg 800w, https:\/\/peekin.me\/wp-content\/uploads\/Charly_Allemand-300x300.jpg 300w, https:\/\/peekin.me\/wp-content\/uploads\/Charly_Allemand-350x350.jpg 350w, https:\/\/peekin.me\/wp-content\/uploads\/Charly_Allemand-600x600.jpg 600w, https:\/\/peekin.me\/wp-content\/uploads\/Charly_Allemand-100x100.jpg 100w\" sizes=\"auto, (max-width: 800px) 100vw, 800px\" \/><\/div><div class=\"w-iconbox-meta\"><h3 class=\"w-iconbox-title\">Charly Allemand<\/h3><div class=\"w-iconbox-text\"><h4 class=\"headline-5\" style=\"text-align: center\">#multipass<\/h4>\n<p style=\"text-align: center\">An appreciated sense of contact and an immoderate taste for challenges!<\/p>\n<\/div><\/div><\/div><div class=\"w-iconbox iconpos_top style_default color_primary align_center icontype_img\"><div class=\"w-iconbox-icon\" style=\"font-size:11.5rem;\"><img loading=\"lazy\" decoding=\"async\" width=\"800\" height=\"800\" src=\"https:\/\/peekin.me\/wp-content\/uploads\/Solene_Lelievre.jpg\" class=\"attachment-full size-full\" alt=\"\" srcset=\"https:\/\/peekin.me\/wp-content\/uploads\/Solene_Lelievre.jpg 800w, https:\/\/peekin.me\/wp-content\/uploads\/Solene_Lelievre-300x300.jpg 300w, https:\/\/peekin.me\/wp-content\/uploads\/Solene_Lelievre-350x350.jpg 350w, https:\/\/peekin.me\/wp-content\/uploads\/Solene_Lelievre-600x600.jpg 600w, https:\/\/peekin.me\/wp-content\/uploads\/Solene_Lelievre-100x100.jpg 100w\" sizes=\"auto, (max-width: 800px) 100vw, 800px\" \/><\/div><div class=\"w-iconbox-meta\"><h3 class=\"w-iconbox-title\">Sol\u00e8ne Leli\u00e8vre<\/h3><div class=\"w-iconbox-text\"><h4 class=\"headline-5\" style=\"text-align: center\">#meow<\/h4>\n<p style=\"text-align: center\">Sol\u00e8ne is our customer service obsession: Customers, Yes She Cares!<\/p>\n<\/div><\/div><\/div><div class=\"w-iconbox iconpos_top style_default color_primary align_center icontype_img\"><div class=\"w-iconbox-icon\" style=\"font-size:11.5rem;\"><img loading=\"lazy\" decoding=\"async\" width=\"800\" height=\"800\" src=\"https:\/\/peekin.me\/wp-content\/uploads\/Antoine_Nourris.jpg\" class=\"attachment-full size-full\" alt=\"\" srcset=\"https:\/\/peekin.me\/wp-content\/uploads\/Antoine_Nourris.jpg 800w, https:\/\/peekin.me\/wp-content\/uploads\/Antoine_Nourris-300x300.jpg 300w, https:\/\/peekin.me\/wp-content\/uploads\/Antoine_Nourris-350x350.jpg 350w, https:\/\/peekin.me\/wp-content\/uploads\/Antoine_Nourris-600x600.jpg 600w, https:\/\/peekin.me\/wp-content\/uploads\/Antoine_Nourris-100x100.jpg 100w\" sizes=\"auto, (max-width: 800px) 100vw, 800px\" \/><\/div><div class=\"w-iconbox-meta\"><h3 class=\"w-iconbox-title\">Antoine Nourris<\/h3><div class=\"w-iconbox-text\"><h4 class=\"headline-5\" style=\"text-align: center\">#ninja<\/h4>\n<p style=\"text-align: center\">Responsible for the smooth running of the PeeK&#8217;in application and its evolution.<\/p>\n<\/div><\/div><\/div><div class=\"w-iconbox iconpos_top style_default color_primary align_center icontype_img\"><div class=\"w-iconbox-icon\" style=\"font-size:11.5rem;\"><img loading=\"lazy\" decoding=\"async\" width=\"800\" height=\"800\" src=\"https:\/\/peekin.me\/wp-content\/uploads\/Hedi_Blagui.jpg\" class=\"attachment-full size-full\" alt=\"\" srcset=\"https:\/\/peekin.me\/wp-content\/uploads\/Hedi_Blagui.jpg 800w, https:\/\/peekin.me\/wp-content\/uploads\/Hedi_Blagui-300x300.jpg 300w, https:\/\/peekin.me\/wp-content\/uploads\/Hedi_Blagui-350x350.jpg 350w, https:\/\/peekin.me\/wp-content\/uploads\/Hedi_Blagui-600x600.jpg 600w, https:\/\/peekin.me\/wp-content\/uploads\/Hedi_Blagui-100x100.jpg 100w\" sizes=\"auto, (max-width: 800px) 100vw, 800px\" \/><\/div><div class=\"w-iconbox-meta\"><h3 class=\"w-iconbox-title\">Hedi Blagui<\/h3><div class=\"w-iconbox-text\"><h4 class=\"headline-5\" style=\"text-align: center\">#fit boy<\/h4>\n<p style=\"text-align: center\">He adds a playful touch to lost and found items registration through the magic of AI.<\/p>\n<\/div><\/div><\/div><\/div><\/div><\/div><\/div><\/div><\/div><\/section>\n","protected":false},"excerpt":{"rendered":"The PeeK&#8217;in touchThe aim of PeeK&#8217;in is to facilitate the recovery of lost and found items and to save time for the teams who manage them. In other words: to be of service! Once upon a time&#8230; At the origin of PeeK&#8217;in there is J\u00e9r\u00f4me Pasquet, our founder. Used to travelling for work, he noticed...","protected":false},"author":14,"featured_media":0,"parent":0,"menu_order":0,"comment_status":"closed","ping_status":"closed","template":"","meta":{"_acf_changed":false,"footnotes":""},"class_list":["post-5034","page","type-page","status-publish","hentry"],"acf":[],"yoast_head":"<!-- This site is optimized with the Yoast SEO plugin v27.4 - https:\/\/yoast.com\/product\/yoast-seo-wordpress\/ -->\n<title>The PeeK&#039;in Touch<\/title>\n<meta name=\"description\" content=\"Find out more about our history explained by our co-founders J\u00e9r\u00f4me Pasquet and J\u00e9r\u00f4me Dumas. Meet all the members of our team.\" \/>\n<meta name=\"robots\" content=\"index, follow, max-snippet:-1, max-image-preview:large, max-video-preview:-1\" \/>\n<link rel=\"canonical\" href=\"https:\/\/peekin.me\/en\/the-peekin-touch\/\" \/>\n<meta property=\"og:locale\" content=\"en_US\" \/>\n<meta property=\"og:type\" content=\"article\" \/>\n<meta property=\"og:title\" content=\"The PeeK&#039;in Touch\" \/>\n<meta property=\"og:description\" content=\"Find out more about our history explained by our co-founders J\u00e9r\u00f4me Pasquet and J\u00e9r\u00f4me Dumas. Meet all the members of our team.\" \/>\n<meta property=\"og:url\" content=\"https:\/\/peekin.me\/en\/the-peekin-touch\/\" \/>\n<meta property=\"og:site_name\" content=\"Peek&#039;in\" \/>\n<meta property=\"article:publisher\" content=\"https:\/\/www.facebook.com\/peekin.me\/\" \/>\n<meta property=\"article:modified_time\" content=\"2023-09-21T15:18:49+00:00\" \/>\n<meta name=\"twitter:card\" content=\"summary_large_image\" \/>\n<meta name=\"twitter:site\" content=\"@peek_in\" \/>\n<meta name=\"twitter:label1\" content=\"Est. reading time\" \/>\n\t<meta name=\"twitter:data1\" content=\"3 minutes\" \/>\n<script type=\"application\/ld+json\" class=\"yoast-schema-graph\">{\"@context\":\"https:\\\/\\\/schema.org\",\"@graph\":[{\"@type\":\"WebPage\",\"@id\":\"https:\\\/\\\/peekin.me\\\/en\\\/the-peekin-touch\\\/\",\"url\":\"https:\\\/\\\/peekin.me\\\/en\\\/the-peekin-touch\\\/\",\"name\":\"The PeeK'in Touch\",\"isPartOf\":{\"@id\":\"https:\\\/\\\/peekin.me\\\/en\\\/#website\"},\"datePublished\":\"2020-12-21T10:19:53+00:00\",\"dateModified\":\"2023-09-21T15:18:49+00:00\",\"description\":\"Find out more about our history explained by our co-founders J\u00e9r\u00f4me Pasquet and J\u00e9r\u00f4me Dumas. Meet all the members of our team.\",\"breadcrumb\":{\"@id\":\"https:\\\/\\\/peekin.me\\\/en\\\/the-peekin-touch\\\/#breadcrumb\"},\"inLanguage\":\"en-US\",\"potentialAction\":[{\"@type\":\"ReadAction\",\"target\":[\"https:\\\/\\\/peekin.me\\\/en\\\/the-peekin-touch\\\/\"]}]},{\"@type\":\"BreadcrumbList\",\"@id\":\"https:\\\/\\\/peekin.me\\\/en\\\/the-peekin-touch\\\/#breadcrumb\",\"itemListElement\":[{\"@type\":\"ListItem\",\"position\":1,\"name\":\"Accueil\",\"item\":\"https:\\\/\\\/peekin.me\\\/en\\\/\"},{\"@type\":\"ListItem\",\"position\":2,\"name\":\"The PeeK&rsquo;in touch\"}]},{\"@type\":\"WebSite\",\"@id\":\"https:\\\/\\\/peekin.me\\\/en\\\/#website\",\"url\":\"https:\\\/\\\/peekin.me\\\/en\\\/\",\"name\":\"PeeKin\",\"description\":\"La satisfaction client par l&#039;objet (re) trouv\u00e9\",\"publisher\":{\"@id\":\"https:\\\/\\\/peekin.me\\\/en\\\/#organization\"},\"potentialAction\":[{\"@type\":\"SearchAction\",\"target\":{\"@type\":\"EntryPoint\",\"urlTemplate\":\"https:\\\/\\\/peekin.me\\\/en\\\/?s={search_term_string}\"},\"query-input\":{\"@type\":\"PropertyValueSpecification\",\"valueRequired\":true,\"valueName\":\"search_term_string\"}}],\"inLanguage\":\"en-US\"},{\"@type\":\"Organization\",\"@id\":\"https:\\\/\\\/peekin.me\\\/en\\\/#organization\",\"name\":\"PeeK'in\",\"url\":\"https:\\\/\\\/peekin.me\\\/en\\\/\",\"logo\":{\"@type\":\"ImageObject\",\"inLanguage\":\"en-US\",\"@id\":\"https:\\\/\\\/peekin.me\\\/en\\\/#\\\/schema\\\/logo\\\/image\\\/\",\"url\":\"https:\\\/\\\/peekin.me\\\/wp-content\\\/uploads\\\/2019\\\/01\\\/logo.png\",\"contentUrl\":\"https:\\\/\\\/peekin.me\\\/wp-content\\\/uploads\\\/2019\\\/01\\\/logo.png\",\"width\":320,\"height\":150,\"caption\":\"PeeK'in\"},\"image\":{\"@id\":\"https:\\\/\\\/peekin.me\\\/en\\\/#\\\/schema\\\/logo\\\/image\\\/\"},\"sameAs\":[\"https:\\\/\\\/www.facebook.com\\\/peekin.me\\\/\",\"https:\\\/\\\/x.com\\\/peek_in\",\"https:\\\/\\\/fr.linkedin.com\\\/company\\\/peekin\"]}]}<\/script>\n<!-- \/ Yoast SEO plugin. -->","yoast_head_json":{"title":"The PeeK'in Touch","description":"Find out more about our history explained by our co-founders J\u00e9r\u00f4me Pasquet and J\u00e9r\u00f4me Dumas. Meet all the members of our team.","robots":{"index":"index","follow":"follow","max-snippet":"max-snippet:-1","max-image-preview":"max-image-preview:large","max-video-preview":"max-video-preview:-1"},"canonical":"https:\/\/peekin.me\/en\/the-peekin-touch\/","og_locale":"en_US","og_type":"article","og_title":"The PeeK'in Touch","og_description":"Find out more about our history explained by our co-founders J\u00e9r\u00f4me Pasquet and J\u00e9r\u00f4me Dumas. Meet all the members of our team.","og_url":"https:\/\/peekin.me\/en\/the-peekin-touch\/","og_site_name":"Peek&#039;in","article_publisher":"https:\/\/www.facebook.com\/peekin.me\/","article_modified_time":"2023-09-21T15:18:49+00:00","twitter_card":"summary_large_image","twitter_site":"@peek_in","twitter_misc":{"Est. reading time":"3 minutes"},"schema":{"@context":"https:\/\/schema.org","@graph":[{"@type":"WebPage","@id":"https:\/\/peekin.me\/en\/the-peekin-touch\/","url":"https:\/\/peekin.me\/en\/the-peekin-touch\/","name":"The PeeK'in Touch","isPartOf":{"@id":"https:\/\/peekin.me\/en\/#website"},"datePublished":"2020-12-21T10:19:53+00:00","dateModified":"2023-09-21T15:18:49+00:00","description":"Find out more about our history explained by our co-founders J\u00e9r\u00f4me Pasquet and J\u00e9r\u00f4me Dumas. Meet all the members of our team.","breadcrumb":{"@id":"https:\/\/peekin.me\/en\/the-peekin-touch\/#breadcrumb"},"inLanguage":"en-US","potentialAction":[{"@type":"ReadAction","target":["https:\/\/peekin.me\/en\/the-peekin-touch\/"]}]},{"@type":"BreadcrumbList","@id":"https:\/\/peekin.me\/en\/the-peekin-touch\/#breadcrumb","itemListElement":[{"@type":"ListItem","position":1,"name":"Accueil","item":"https:\/\/peekin.me\/en\/"},{"@type":"ListItem","position":2,"name":"The PeeK&rsquo;in touch"}]},{"@type":"WebSite","@id":"https:\/\/peekin.me\/en\/#website","url":"https:\/\/peekin.me\/en\/","name":"PeeKin","description":"La satisfaction client par l&#039;objet (re) trouv\u00e9","publisher":{"@id":"https:\/\/peekin.me\/en\/#organization"},"potentialAction":[{"@type":"SearchAction","target":{"@type":"EntryPoint","urlTemplate":"https:\/\/peekin.me\/en\/?s={search_term_string}"},"query-input":{"@type":"PropertyValueSpecification","valueRequired":true,"valueName":"search_term_string"}}],"inLanguage":"en-US"},{"@type":"Organization","@id":"https:\/\/peekin.me\/en\/#organization","name":"PeeK'in","url":"https:\/\/peekin.me\/en\/","logo":{"@type":"ImageObject","inLanguage":"en-US","@id":"https:\/\/peekin.me\/en\/#\/schema\/logo\/image\/","url":"https:\/\/peekin.me\/wp-content\/uploads\/2019\/01\/logo.png","contentUrl":"https:\/\/peekin.me\/wp-content\/uploads\/2019\/01\/logo.png","width":320,"height":150,"caption":"PeeK'in"},"image":{"@id":"https:\/\/peekin.me\/en\/#\/schema\/logo\/image\/"},"sameAs":["https:\/\/www.facebook.com\/peekin.me\/","https:\/\/x.com\/peek_in","https:\/\/fr.linkedin.com\/company\/peekin"]}]}},"_links":{"self":[{"href":"https:\/\/peekin.me\/en\/wp-json\/wp\/v2\/pages\/5034","targetHints":{"allow":["GET"]}}],"collection":[{"href":"https:\/\/peekin.me\/en\/wp-json\/wp\/v2\/pages"}],"about":[{"href":"https:\/\/peekin.me\/en\/wp-json\/wp\/v2\/types\/page"}],"author":[{"embeddable":true,"href":"https:\/\/peekin.me\/en\/wp-json\/wp\/v2\/users\/14"}],"replies":[{"embeddable":true,"href":"https:\/\/peekin.me\/en\/wp-json\/wp\/v2\/comments?post=5034"}],"version-history":[{"count":6,"href":"https:\/\/peekin.me\/en\/wp-json\/wp\/v2\/pages\/5034\/revisions"}],"predecessor-version":[{"id":5110,"href":"https:\/\/peekin.me\/en\/wp-json\/wp\/v2\/pages\/5034\/revisions\/5110"}],"wp:attachment":[{"href":"https:\/\/peekin.me\/en\/wp-json\/wp\/v2\/media?parent=5034"}],"curies":[{"name":"wp","href":"https:\/\/api.w.org\/{rel}","templated":true}]}}