{"id":5452,"date":"2021-05-19T14:00:41","date_gmt":"2021-05-19T12:00:41","guid":{"rendered":"https:\/\/peekin.me\/referral-program-2\/"},"modified":"2024-06-06T11:00:10","modified_gmt":"2024-06-06T09:00:10","slug":"referral-program","status":"publish","type":"page","link":"https:\/\/peekin.me\/en\/referral-program\/","title":{"rendered":"Referral Program"},"content":{"rendered":"<section class=\"l-section wpb_row us_custom_19737bc8 height_medium\"><div class=\"l-section-h i-cf\"><div class=\"g-cols vc_row via_flex valign_top type_default stacking_default\"><div class=\"vc_col-sm-12 wpb_column vc_column_container\"><div class=\"vc_column-inner\"><div class=\"wpb_wrapper\"><\/div><\/div><\/div><\/div><\/div><\/section><section class=\"l-section wpb_row section-img img-left height_medium\"><div class=\"l-section-h i-cf\"><div class=\"g-cols vc_row via_flex valign_top type_default stacking_default\"><div class=\"vc_col-sm-6 wpb_column vc_column_container\"><div class=\"vc_column-inner\"><div class=\"wpb_wrapper\"><div class=\"w-image rounded align_none\"><div class=\"w-image-h\"><img decoding=\"async\" width=\"900\" height=\"750\" src=\"https:\/\/peekin.me\/wp-content\/uploads\/visuel-parrainage.png\" class=\"attachment-full size-full\" alt=\"\" loading=\"lazy\" srcset=\"https:\/\/peekin.me\/wp-content\/uploads\/visuel-parrainage.png 900w, https:\/\/peekin.me\/wp-content\/uploads\/visuel-parrainage-300x250.png 300w, https:\/\/peekin.me\/wp-content\/uploads\/visuel-parrainage-100x83.png 100w\" sizes=\"auto, (max-width: 900px) 100vw, 900px\" \/><\/div><\/div><\/div><\/div><\/div><div class=\"vc_col-sm-6 wpb_column vc_column_container\"><div class=\"vc_column-inner\"><div class=\"wpb_wrapper\"><div class=\"wpb_text_column\"><div class=\"wpb_wrapper\"><h1 class=\"line-title\">Refer a friend and get \u20ac50 or 1 month for free<\/h1>\n<p class=\"headline-5 light\">Do you like PeeK\u2019in? Tell your friends or fellow hotelier and be rewarded! 1 referral = 1 month free or a \u20ac50 voucher + 1 month free for the sponsored person.<\/p>\n<\/div><\/div><div class=\"w-separator size_small\"><\/div><div class=\"w-btn-wrapper align_none\"><a class=\"w-btn us-btn-style_1\" href=\"#formulaire\"><span class=\"w-btn-label\">I REFER<\/span><\/a><\/div><\/div><\/div><\/div><\/div><\/div><\/section><section class=\"l-section wpb_row cta-block-3 height_medium\"><div class=\"l-section-h i-cf\"><div class=\"g-cols vc_row via_flex valign_top type_default stacking_default\"><div class=\"vc_col-sm-12 wpb_column vc_column_container\"><div class=\"vc_column-inner\"><div class=\"wpb_wrapper\"><div class=\"wpb_text_column\"><div class=\"wpb_wrapper\"><h2 class=\"line-title center\" style=\"text-align: center\">Receive your reward in 3 easy steps<\/h2>\n<\/div><\/div><div class=\"w-separator size_small\"><\/div><div class=\"g-cols wpb_row parrainage-steps via_flex valign_top type_default stacking_default\"><div class=\"vc_col-sm-4 wpb_column vc_column_container\"><div class=\"vc_column-inner\"><div class=\"wpb_wrapper\"><div class=\"w-image us_custom_2c4f4a12 align_center\"><div class=\"w-image-h\"><img decoding=\"async\" width=\"140\" height=\"140\" src=\"https:\/\/peekin.me\/wp-content\/uploads\/icone-parrainage-step-1.png\" class=\"attachment-full size-full\" alt=\"\" loading=\"lazy\" srcset=\"https:\/\/peekin.me\/wp-content\/uploads\/icone-parrainage-step-1.png 140w, https:\/\/peekin.me\/wp-content\/uploads\/icone-parrainage-step-1-100x100.png 100w\" sizes=\"auto, (max-width: 140px) 100vw, 140px\" \/><\/div><\/div><div class=\"wpb_text_column\"><div class=\"wpb_wrapper\"><p class=\"number\" style=\"text-align: center\">1<\/p>\n<p class=\"headline-5 light\" style=\"text-align: center\">Enter your details and those of your invitee.<\/p>\n<\/div><\/div><\/div><\/div><\/div><div class=\"vc_col-sm-4 wpb_column vc_column_container\"><div class=\"vc_column-inner\"><div class=\"wpb_wrapper\"><div class=\"w-image us_custom_2c4f4a12 align_center\"><div class=\"w-image-h\"><img decoding=\"async\" width=\"140\" height=\"140\" src=\"https:\/\/peekin.me\/wp-content\/uploads\/icone-parrainage-step-2.png\" class=\"attachment-full size-full\" alt=\"\" loading=\"lazy\" srcset=\"https:\/\/peekin.me\/wp-content\/uploads\/icone-parrainage-step-2.png 140w, https:\/\/peekin.me\/wp-content\/uploads\/icone-parrainage-step-2-100x100.png 100w\" sizes=\"auto, (max-width: 140px) 100vw, 140px\" \/><\/div><\/div><div class=\"wpb_text_column\"><div class=\"wpb_wrapper\"><p class=\"number\" style=\"text-align: center\">2<\/p>\n<p class=\"headline-5 light\" style=\"text-align: center\">Your invitee receives an invitation and gets 1 month free.<\/p>\n<\/div><\/div><\/div><\/div><\/div><div class=\"vc_col-sm-4 wpb_column vc_column_container\"><div class=\"vc_column-inner\"><div class=\"wpb_wrapper\"><div class=\"w-image us_custom_2c4f4a12 align_center\"><div class=\"w-image-h\"><img decoding=\"async\" width=\"140\" height=\"140\" src=\"https:\/\/peekin.me\/wp-content\/uploads\/icone-parrainage-step-3.png\" class=\"attachment-full size-full\" alt=\"\" loading=\"lazy\" srcset=\"https:\/\/peekin.me\/wp-content\/uploads\/icone-parrainage-step-3.png 140w, https:\/\/peekin.me\/wp-content\/uploads\/icone-parrainage-step-3-100x100.png 100w\" sizes=\"auto, (max-width: 140px) 100vw, 140px\" \/><\/div><\/div><div class=\"wpb_text_column\"><div class=\"wpb_wrapper\"><p class=\"number\" style=\"text-align: center\">3<\/p>\n<p class=\"headline-5 light\" style=\"text-align: center\">You are rewarded after the 3rd item sent by your invitee.<\/p>\n<\/div><\/div><\/div><\/div><\/div><\/div><\/div><\/div><\/div><\/div><\/div><\/section><section class=\"l-section wpb_row max-width-2 height_medium\" id=\"formulaire\"><div class=\"l-section-h i-cf\"><div class=\"g-cols vc_row via_flex valign_top type_default stacking_default\"><div class=\"vc_col-sm-12 wpb_column vc_column_container\"><div class=\"vc_column-inner\"><div class=\"wpb_wrapper\"><div class=\"wpb_text_column\"><div class=\"wpb_wrapper\"><h2 class=\"line-title\">Fill in your details and those of your invitee<\/h2>\n<\/div><\/div>\n<div class=\"wpcf7 no-js\" id=\"wpcf7-f5451-o1\" lang=\"en-US\" dir=\"ltr\" data-wpcf7-id=\"5451\">\n<div class=\"screen-reader-response\"><p role=\"status\" aria-live=\"polite\" aria-atomic=\"true\"><\/p> <ul><\/ul><\/div>\n<form action=\"\/en\/wp-json\/wp\/v2\/pages\/5452#wpcf7-f5451-o1\" method=\"post\" class=\"wpcf7-form init\" aria-label=\"Contact form\" novalidate=\"novalidate\" data-status=\"init\">\n<fieldset class=\"hidden-fields-container\"><input type=\"hidden\" name=\"_wpcf7\" value=\"5451\" \/><input type=\"hidden\" name=\"_wpcf7_version\" value=\"6.1.5\" \/><input type=\"hidden\" name=\"_wpcf7_locale\" value=\"en_US\" \/><input type=\"hidden\" name=\"_wpcf7_unit_tag\" value=\"wpcf7-f5451-o1\" \/><input type=\"hidden\" name=\"_wpcf7_container_post\" value=\"0\" \/><input type=\"hidden\" name=\"_wpcf7_posted_data_hash\" value=\"\" \/><input type=\"hidden\" name=\"_wpcf7cf_hidden_group_fields\" value=\"[]\" \/><input type=\"hidden\" name=\"_wpcf7cf_hidden_groups\" value=\"[]\" \/><input type=\"hidden\" name=\"_wpcf7cf_visible_groups\" value=\"[]\" \/><input type=\"hidden\" name=\"_wpcf7cf_repeaters\" value=\"[]\" \/><input type=\"hidden\" name=\"_wpcf7cf_steps\" value=\"{}\" \/><input type=\"hidden\" name=\"_wpcf7cf_options\" value=\"{&quot;form_id&quot;:5451,&quot;conditions&quot;:[],&quot;settings&quot;:{&quot;animation&quot;:&quot;no&quot;,&quot;animation_intime&quot;:&quot;200&quot;,&quot;animation_outtime&quot;:&quot;200&quot;,&quot;conditions_ui&quot;:&quot;normal&quot;,&quot;notice_dismissed&quot;:&quot;1&quot;,&quot;regex_numeric&quot;:&quot;^[0-9]+$&quot;,&quot;regex_alphabetic&quot;:&quot;^[a-zA-Z]+$&quot;,&quot;regex_alphanumeric&quot;:&quot;^[a-zA-Z0-9]+$&quot;,&quot;regex_date&quot;:&quot;^(0?[1-9]|1[012])[- .](0?[1-9]|[12][0-9]|3[01])[- \\\/.](19|20)?[0-9]{2}$&quot;,&quot;regex_email&quot;:&quot;^[a-zA-Z0-9._%-]+@[a-zA-Z0-9.-]+.[a-zA-Z]{2,4}$&quot;,&quot;regex_numeric_label&quot;:&quot;numeric&quot;,&quot;regex_alphabetic_label&quot;:&quot;alphabetic&quot;,&quot;regex_alphanumeric_label&quot;:&quot;alphanumeric&quot;,&quot;regex_date_label&quot;:&quot;date&quot;,&quot;regex_email_label&quot;:&quot;email&quot;,&quot;regex_custom_1&quot;:&quot;&quot;,&quot;regex_custom_2&quot;:&quot;&quot;,&quot;regex_custom_3&quot;:&quot;&quot;,&quot;regex_custom_4&quot;:&quot;&quot;,&quot;regex_custom_5&quot;:&quot;&quot;,&quot;regex_custom_1_label&quot;:&quot;custom 1&quot;,&quot;regex_custom_2_label&quot;:&quot;custom 2&quot;,&quot;regex_custom_3_label&quot;:&quot;custom 3&quot;,&quot;regex_custom_4_label&quot;:&quot;custom 4&quot;,&quot;regex_custom_5_label&quot;:&quot;custom 5&quot;,&quot;notice_dismissed_rollback-cf7-6.0.5&quot;:true,&quot;notice_dismissed_rollback-cf7-6.0.6&quot;:true,&quot;notice_dismissed_rollback-cf7-6.1.4&quot;:true}}\" \/><input type=\"hidden\" name=\"_wpcf7_recaptcha_response\" value=\"\" \/>\n<\/fieldset>\n<div class=\"form-container\">\n\t<div class=\"field-row\">\n\t\t<div class=\"field title\">\n\t\t\t<p class=\"headline-4\">My contact details\n\t\t\t<\/p>\n\t\t<\/div>\n\t<\/div>\n\t<div class=\"field-row\">\n\t\t<div class=\"field\">\n\t\t\t<p><label for=\"your-name\">Name\/Last name<span class=\"asterisk\">*<\/span><\/label><span class=\"wpcf7-form-control-wrap\" data-name=\"your-name\"><input size=\"40\" maxlength=\"400\" class=\"wpcf7-form-control wpcf7-text wpcf7-validates-as-required\" aria-required=\"true\" aria-invalid=\"false\" value=\"\" type=\"text\" name=\"your-name\" \/><\/span>\n\t\t\t<\/p>\n\t\t<\/div>\n\t\t<div class=\"field\">\n\t\t\t<p><label for=\"society\">Establishment<span class=\"asterisk\">*<\/span><\/label><span class=\"wpcf7-form-control-wrap\" data-name=\"society\"><input size=\"40\" maxlength=\"400\" class=\"wpcf7-form-control wpcf7-text wpcf7-validates-as-required\" aria-required=\"true\" aria-invalid=\"false\" value=\"\" type=\"text\" name=\"society\" \/><\/span>\n\t\t\t<\/p>\n\t\t<\/div>\n\t<\/div>\n\t<div class=\"field-row\">\n\t\t<div class=\"field\">\n\t\t\t<p><label for=\"your-email\">Email<span class=\"asterisk\">*<\/span><\/label><span class=\"wpcf7-form-control-wrap\" data-name=\"your-email\"><input size=\"40\" maxlength=\"400\" class=\"wpcf7-form-control wpcf7-text wpcf7-validates-as-required\" aria-required=\"true\" aria-invalid=\"false\" value=\"\" type=\"text\" name=\"your-email\" \/><\/span>\n\t\t\t<\/p>\n\t\t<\/div>\n\t\t<div class=\"field\">\n\t\t\t<p><label for=\"function\">Position<span class=\"asterisk\">*<\/span><\/label><span class=\"wpcf7-form-control-wrap\" data-name=\"function\"><input size=\"40\" maxlength=\"400\" class=\"wpcf7-form-control wpcf7-text wpcf7-validates-as-required\" aria-required=\"true\" aria-invalid=\"false\" value=\"\" type=\"text\" name=\"function\" \/><\/span>\n\t\t\t<\/p>\n\t\t<\/div>\n\t<\/div>\n\t<div class=\"wpcf7cf_repeater\" data-id=\"rep-1\" data-orig_data_id=\"rep-1\" >\n\t\t<div class=\"wpcf7cf_repeater_sub\" data-repeater_sub_suffix=\"\">\n\t\t\t<fieldset>\n\t\t\t\t<div class=\"field-row\">\n\t\t\t\t\t<div class=\"field title\">\n\t\t\t\t\t\t<p class=\"headline-4\">Contact details of the invitee {{rep-1_index}}\n\t\t\t\t\t\t<\/p>\n\t\t\t\t\t<\/div>\n\t\t\t\t<\/div>\n\t\t\t\t<div class=\"field-row\">\n\t\t\t\t\t<div class=\"field\">\n\t\t\t\t\t\t<p><label for=\"name-filleul\">Name\/Last name<span class=\"asterisk\">*<\/span><\/label><span class=\"wpcf7-form-control-wrap\" data-name=\"name-filleul\"><input size=\"40\" maxlength=\"400\" class=\"wpcf7-form-control wpcf7-text wpcf7-validates-as-required\" aria-required=\"true\" aria-invalid=\"false\" value=\"\" type=\"text\" name=\"name-filleul\" \/><\/span>\n\t\t\t\t\t\t<\/p>\n\t\t\t\t\t<\/div>\n\t\t\t\t\t<div class=\"field\">\n\t\t\t\t\t\t<p><label for=\"society-filleul\">Establishment<span class=\"asterisk\">*<\/span><\/label><span class=\"wpcf7-form-control-wrap\" data-name=\"society-filleul\"><input size=\"40\" maxlength=\"400\" class=\"wpcf7-form-control wpcf7-text wpcf7-validates-as-required\" aria-required=\"true\" aria-invalid=\"false\" value=\"\" type=\"text\" name=\"society-filleul\" \/><\/span>\n\t\t\t\t\t\t<\/p>\n\t\t\t\t\t<\/div>\n\t\t\t\t<\/div>\n\t\t\t\t<div class=\"field-row\">\n\t\t\t\t\t<div class=\"field\">\n\t\t\t\t\t\t<p><label for=\"email-filleul\">Email<span class=\"asterisk\">*<\/span><\/label><span class=\"wpcf7-form-control-wrap\" data-name=\"email-filleul\"><input size=\"40\" maxlength=\"400\" class=\"wpcf7-form-control wpcf7-text wpcf7-validates-as-required\" aria-required=\"true\" aria-invalid=\"false\" value=\"\" type=\"text\" name=\"email-filleul\" \/><\/span>\n\t\t\t\t\t\t<\/p>\n\t\t\t\t\t<\/div>\n\t\t\t\t\t<div class=\"field\">\n\t\t\t\t\t\t<p><label for=\"tel-filleul\">Phone<span class=\"asterisk\">*<\/span><\/label><span class=\"wpcf7-form-control-wrap\" data-name=\"tel-filleul\"><input size=\"40\" maxlength=\"400\" class=\"wpcf7-form-control wpcf7-tel wpcf7-validates-as-required wpcf7-text wpcf7-validates-as-tel\" aria-required=\"true\" aria-invalid=\"false\" value=\"\" type=\"tel\" name=\"tel-filleul\" \/><\/span>\n\t\t\t\t\t\t<\/p>\n\t\t\t\t\t<\/div>\n\t\t\t\t<\/div>\n\t\t\t<\/fieldset>\n\t\t<\/div>\n\t\t<p class=\"wpcf7cf_repeater_controls\"><input type=\"hidden\" name=\"rep-1_count\" value=\"\" \/><span class=\"wpcf7cf_add-container\">\t\t\t\t\t\t\t\t\t<button type=\"button\" class=\"wpcf7cf_add\">Add invitee<\/button>\t\t\t\t\t\t\t\t<\/span><span class=\"wpcf7cf_remove-container\">\t\t\t\t\t\t\t\t\t<button type=\"button\" class=\"wpcf7cf_remove\">Remove<\/button>\t\t\t\t\t\t\t\t<\/span>\n\t\t<\/p>\n\t<\/div>\n\t<div class=\"field-row submit\">\n\t\t<div class=\"field legals\">\n\t\t\t<p><span class=\"asterisk\">*<\/span> Mandatory field.\n\t\t\t<\/p>\n\t\t<\/div>\n\t\t<div class=\"field\">\n\t\t\t<p><input class=\"wpcf7-form-control wpcf7-submit has-spinner\" type=\"submit\" value=\"I refer\" \/>\n\t\t\t<\/p>\n\t\t<\/div>\n\t<\/div>\n<\/div><p style=\"display: none !important;\" class=\"akismet-fields-container\" data-prefix=\"_wpcf7_ak_\"><label>&#916;<textarea name=\"_wpcf7_ak_hp_textarea\" cols=\"45\" rows=\"8\" maxlength=\"100\"><\/textarea><\/label><input type=\"hidden\" id=\"ak_js_1\" name=\"_wpcf7_ak_js\" value=\"33\"\/><script>\ndocument.getElementById( \"ak_js_1\" ).setAttribute( \"value\", ( new Date() ).getTime() );\n<\/script>\n<\/p><div class=\"wpcf7-response-output\" aria-hidden=\"true\"><\/div>\n<\/form>\n<\/div>\n<\/div><\/div><\/div><\/div><\/div><\/section><section class=\"l-section wpb_row height_medium\"><div class=\"l-section-h i-cf\"><div class=\"g-cols vc_row via_flex valign_top type_default stacking_default\"><div class=\"vc_col-sm-12 wpb_column vc_column_container\"><div class=\"vc_column-inner\"><div class=\"wpb_wrapper\"><div class=\"wpb_text_column\"><div class=\"wpb_wrapper\"><p class=\"p1\" style=\"text-align: center\">Offer reserved for PeeK\u2019in users,<br \/>\nwithout commitment for the referrer nor the invitee (<a href=\"https:\/\/peekin.me\/wp-content\/uploads\/PeeKin-referral-program-rules-EN.pdf\" target=\"_blank\" rel=\"noopener\"><span class=\"s1\">referral program rules<\/span><\/a>).<\/p>\n<\/div><\/div><\/div><\/div><\/div><\/div><\/div><\/section>\n","protected":false},"excerpt":{"rendered":"Refer a friend and get \u20ac50 or 1 month for free Do you like PeeK\u2019in? Tell your friends or fellow hotelier and be rewarded! 1 referral = 1 month free or a \u20ac50 voucher + 1 month free for the sponsored person. I REFERReceive your reward in 3 easy steps 1 Enter your details and...","protected":false},"author":12,"featured_media":4581,"parent":0,"menu_order":5,"comment_status":"closed","ping_status":"closed","template":"","meta":{"_acf_changed":false,"footnotes":""},"class_list":["post-5452","page","type-page","status-publish","has-post-thumbnail","hentry"],"acf":[],"yoast_head":"<!-- This site is optimized with the Yoast SEO plugin v27.5 - https:\/\/yoast.com\/product\/yoast-seo-wordpress\/ -->\n<title>Referral Program<\/title>\n<meta name=\"description\" content=\"Avec le parrainage PeeK&#039;in, aidez vos contacts \u00e0 fid\u00e9liser leurs clients en leur restituant leurs objets perdus et soyez en r\u00e9compens\u00e9s.\" \/>\n<meta name=\"robots\" content=\"noindex, follow\" \/>\n<meta property=\"og:locale\" content=\"en_US\" \/>\n<meta property=\"og:type\" content=\"article\" \/>\n<meta property=\"og:title\" content=\"Referral Program\" \/>\n<meta property=\"og:description\" content=\"Avec le parrainage PeeK&#039;in, aidez vos contacts \u00e0 fid\u00e9liser leurs clients en leur restituant leurs objets perdus et soyez en r\u00e9compens\u00e9s.\" \/>\n<meta property=\"og:url\" content=\"https:\/\/peekin.me\/en\/referral-program\/\" \/>\n<meta property=\"og:site_name\" content=\"Peek&#039;in\" \/>\n<meta property=\"article:publisher\" content=\"https:\/\/www.facebook.com\/peekin.me\/\" \/>\n<meta property=\"article:modified_time\" content=\"2024-06-06T09:00:10+00:00\" \/>\n<meta property=\"og:image\" content=\"https:\/\/peekin.me\/wp-content\/uploads\/2019\/04\/Parrainage-PeeKin.jpg\" \/>\n\t<meta property=\"og:image:width\" content=\"2260\" \/>\n\t<meta property=\"og:image:height\" content=\"1124\" \/>\n\t<meta property=\"og:image:type\" content=\"image\/jpeg\" \/>\n<meta name=\"twitter:card\" content=\"summary_large_image\" \/>\n<meta name=\"twitter:site\" content=\"@peek_in\" \/>\n<meta name=\"twitter:label1\" content=\"Est. reading time\" \/>\n\t<meta name=\"twitter:data1\" content=\"1 minute\" \/>\n<script type=\"application\/ld+json\" class=\"yoast-schema-graph\">{\"@context\":\"https:\\\/\\\/schema.org\",\"@graph\":[{\"@type\":\"WebPage\",\"@id\":\"https:\\\/\\\/peekin.me\\\/en\\\/referral-program\\\/\",\"url\":\"https:\\\/\\\/peekin.me\\\/en\\\/referral-program\\\/\",\"name\":\"Referral Program\",\"isPartOf\":{\"@id\":\"https:\\\/\\\/peekin.me\\\/en\\\/#website\"},\"primaryImageOfPage\":{\"@id\":\"https:\\\/\\\/peekin.me\\\/en\\\/referral-program\\\/#primaryimage\"},\"image\":{\"@id\":\"https:\\\/\\\/peekin.me\\\/en\\\/referral-program\\\/#primaryimage\"},\"thumbnailUrl\":\"https:\\\/\\\/peekin.me\\\/wp-content\\\/uploads\\\/2019\\\/04\\\/Parrainage-PeeKin.jpg\",\"datePublished\":\"2021-05-19T12:00:41+00:00\",\"dateModified\":\"2024-06-06T09:00:10+00:00\",\"description\":\"Avec le parrainage PeeK'in, aidez vos contacts \u00e0 fid\u00e9liser leurs clients en leur restituant leurs objets perdus et soyez en r\u00e9compens\u00e9s.\",\"breadcrumb\":{\"@id\":\"https:\\\/\\\/peekin.me\\\/en\\\/referral-program\\\/#breadcrumb\"},\"inLanguage\":\"en-US\",\"potentialAction\":[{\"@type\":\"ReadAction\",\"target\":[\"https:\\\/\\\/peekin.me\\\/en\\\/referral-program\\\/\"]}]},{\"@type\":\"ImageObject\",\"inLanguage\":\"en-US\",\"@id\":\"https:\\\/\\\/peekin.me\\\/en\\\/referral-program\\\/#primaryimage\",\"url\":\"https:\\\/\\\/peekin.me\\\/wp-content\\\/uploads\\\/2019\\\/04\\\/Parrainage-PeeKin.jpg\",\"contentUrl\":\"https:\\\/\\\/peekin.me\\\/wp-content\\\/uploads\\\/2019\\\/04\\\/Parrainage-PeeKin.jpg\",\"width\":2260,\"height\":1124},{\"@type\":\"BreadcrumbList\",\"@id\":\"https:\\\/\\\/peekin.me\\\/en\\\/referral-program\\\/#breadcrumb\",\"itemListElement\":[{\"@type\":\"ListItem\",\"position\":1,\"name\":\"Accueil\",\"item\":\"https:\\\/\\\/peekin.me\\\/en\\\/\"},{\"@type\":\"ListItem\",\"position\":2,\"name\":\"Referral Program\"}]},{\"@type\":\"WebSite\",\"@id\":\"https:\\\/\\\/peekin.me\\\/en\\\/#website\",\"url\":\"https:\\\/\\\/peekin.me\\\/en\\\/\",\"name\":\"PeeKin\",\"description\":\"La satisfaction client par l&#039;objet (re) trouv\u00e9\",\"publisher\":{\"@id\":\"https:\\\/\\\/peekin.me\\\/en\\\/#organization\"},\"potentialAction\":[{\"@type\":\"SearchAction\",\"target\":{\"@type\":\"EntryPoint\",\"urlTemplate\":\"https:\\\/\\\/peekin.me\\\/en\\\/?s={search_term_string}\"},\"query-input\":{\"@type\":\"PropertyValueSpecification\",\"valueRequired\":true,\"valueName\":\"search_term_string\"}}],\"inLanguage\":\"en-US\"},{\"@type\":\"Organization\",\"@id\":\"https:\\\/\\\/peekin.me\\\/en\\\/#organization\",\"name\":\"PeeK'in\",\"url\":\"https:\\\/\\\/peekin.me\\\/en\\\/\",\"logo\":{\"@type\":\"ImageObject\",\"inLanguage\":\"en-US\",\"@id\":\"https:\\\/\\\/peekin.me\\\/en\\\/#\\\/schema\\\/logo\\\/image\\\/\",\"url\":\"https:\\\/\\\/peekin.me\\\/wp-content\\\/uploads\\\/2019\\\/01\\\/logo.png\",\"contentUrl\":\"https:\\\/\\\/peekin.me\\\/wp-content\\\/uploads\\\/2019\\\/01\\\/logo.png\",\"width\":320,\"height\":150,\"caption\":\"PeeK'in\"},\"image\":{\"@id\":\"https:\\\/\\\/peekin.me\\\/en\\\/#\\\/schema\\\/logo\\\/image\\\/\"},\"sameAs\":[\"https:\\\/\\\/www.facebook.com\\\/peekin.me\\\/\",\"https:\\\/\\\/x.com\\\/peek_in\",\"https:\\\/\\\/fr.linkedin.com\\\/company\\\/peekin\"]}]}<\/script>\n<!-- \/ Yoast SEO plugin. -->","yoast_head_json":{"title":"Referral Program","description":"Avec le parrainage PeeK'in, aidez vos contacts \u00e0 fid\u00e9liser leurs clients en leur restituant leurs objets perdus et soyez en r\u00e9compens\u00e9s.","robots":{"index":"noindex","follow":"follow"},"og_locale":"en_US","og_type":"article","og_title":"Referral Program","og_description":"Avec le parrainage PeeK'in, aidez vos contacts \u00e0 fid\u00e9liser leurs clients en leur restituant leurs objets perdus et soyez en r\u00e9compens\u00e9s.","og_url":"https:\/\/peekin.me\/en\/referral-program\/","og_site_name":"Peek&#039;in","article_publisher":"https:\/\/www.facebook.com\/peekin.me\/","article_modified_time":"2024-06-06T09:00:10+00:00","og_image":[{"width":2260,"height":1124,"url":"https:\/\/peekin.me\/wp-content\/uploads\/2019\/04\/Parrainage-PeeKin.jpg","type":"image\/jpeg"}],"twitter_card":"summary_large_image","twitter_site":"@peek_in","twitter_misc":{"Est. reading time":"1 minute"},"schema":{"@context":"https:\/\/schema.org","@graph":[{"@type":"WebPage","@id":"https:\/\/peekin.me\/en\/referral-program\/","url":"https:\/\/peekin.me\/en\/referral-program\/","name":"Referral Program","isPartOf":{"@id":"https:\/\/peekin.me\/en\/#website"},"primaryImageOfPage":{"@id":"https:\/\/peekin.me\/en\/referral-program\/#primaryimage"},"image":{"@id":"https:\/\/peekin.me\/en\/referral-program\/#primaryimage"},"thumbnailUrl":"https:\/\/peekin.me\/wp-content\/uploads\/2019\/04\/Parrainage-PeeKin.jpg","datePublished":"2021-05-19T12:00:41+00:00","dateModified":"2024-06-06T09:00:10+00:00","description":"Avec le parrainage PeeK'in, aidez vos contacts \u00e0 fid\u00e9liser leurs clients en leur restituant leurs objets perdus et soyez en r\u00e9compens\u00e9s.","breadcrumb":{"@id":"https:\/\/peekin.me\/en\/referral-program\/#breadcrumb"},"inLanguage":"en-US","potentialAction":[{"@type":"ReadAction","target":["https:\/\/peekin.me\/en\/referral-program\/"]}]},{"@type":"ImageObject","inLanguage":"en-US","@id":"https:\/\/peekin.me\/en\/referral-program\/#primaryimage","url":"https:\/\/peekin.me\/wp-content\/uploads\/2019\/04\/Parrainage-PeeKin.jpg","contentUrl":"https:\/\/peekin.me\/wp-content\/uploads\/2019\/04\/Parrainage-PeeKin.jpg","width":2260,"height":1124},{"@type":"BreadcrumbList","@id":"https:\/\/peekin.me\/en\/referral-program\/#breadcrumb","itemListElement":[{"@type":"ListItem","position":1,"name":"Accueil","item":"https:\/\/peekin.me\/en\/"},{"@type":"ListItem","position":2,"name":"Referral Program"}]},{"@type":"WebSite","@id":"https:\/\/peekin.me\/en\/#website","url":"https:\/\/peekin.me\/en\/","name":"PeeKin","description":"La satisfaction client par l&#039;objet (re) trouv\u00e9","publisher":{"@id":"https:\/\/peekin.me\/en\/#organization"},"potentialAction":[{"@type":"SearchAction","target":{"@type":"EntryPoint","urlTemplate":"https:\/\/peekin.me\/en\/?s={search_term_string}"},"query-input":{"@type":"PropertyValueSpecification","valueRequired":true,"valueName":"search_term_string"}}],"inLanguage":"en-US"},{"@type":"Organization","@id":"https:\/\/peekin.me\/en\/#organization","name":"PeeK'in","url":"https:\/\/peekin.me\/en\/","logo":{"@type":"ImageObject","inLanguage":"en-US","@id":"https:\/\/peekin.me\/en\/#\/schema\/logo\/image\/","url":"https:\/\/peekin.me\/wp-content\/uploads\/2019\/01\/logo.png","contentUrl":"https:\/\/peekin.me\/wp-content\/uploads\/2019\/01\/logo.png","width":320,"height":150,"caption":"PeeK'in"},"image":{"@id":"https:\/\/peekin.me\/en\/#\/schema\/logo\/image\/"},"sameAs":["https:\/\/www.facebook.com\/peekin.me\/","https:\/\/x.com\/peek_in","https:\/\/fr.linkedin.com\/company\/peekin"]}]}},"_links":{"self":[{"href":"https:\/\/peekin.me\/en\/wp-json\/wp\/v2\/pages\/5452","targetHints":{"allow":["GET"]}}],"collection":[{"href":"https:\/\/peekin.me\/en\/wp-json\/wp\/v2\/pages"}],"about":[{"href":"https:\/\/peekin.me\/en\/wp-json\/wp\/v2\/types\/page"}],"author":[{"embeddable":true,"href":"https:\/\/peekin.me\/en\/wp-json\/wp\/v2\/users\/12"}],"replies":[{"embeddable":true,"href":"https:\/\/peekin.me\/en\/wp-json\/wp\/v2\/comments?post=5452"}],"version-history":[{"count":6,"href":"https:\/\/peekin.me\/en\/wp-json\/wp\/v2\/pages\/5452\/revisions"}],"predecessor-version":[{"id":5481,"href":"https:\/\/peekin.me\/en\/wp-json\/wp\/v2\/pages\/5452\/revisions\/5481"}],"wp:featuredmedia":[{"embeddable":true,"href":"https:\/\/peekin.me\/en\/wp-json\/wp\/v2\/media\/4581"}],"wp:attachment":[{"href":"https:\/\/peekin.me\/en\/wp-json\/wp\/v2\/media?parent=5452"}],"curies":[{"name":"wp","href":"https:\/\/api.w.org\/{rel}","templated":true}]}}