{"id":4416,"date":"2018-05-12T10:25:11","date_gmt":"2018-05-12T08:25:11","guid":{"rendered":"https:\/\/peekin.me\/?page_id=4416"},"modified":"2025-10-16T16:15:09","modified_gmt":"2025-10-16T14:15:09","slug":"contactanos","status":"publish","type":"page","link":"https:\/\/peekin.me\/es\/contactanos\/","title":{"rendered":"Cont\u00e1ctanos"},"content":{"rendered":"<section class=\"l-section wpb_row height_medium\"><div class=\"l-section-h i-cf\"><div class=\"g-cols vc_row via_flex valign_top type_default stacking_default\"><div class=\"vc_col-sm-12 wpb_column vc_column_container\"><div class=\"vc_column-inner\"><div class=\"wpb_wrapper\"><h1 class=\"w-post-elm post_title title-bar align_center entry-title color_link_inherit\">Cont\u00e1ctanos<\/h1><div class=\"wpb_text_column contact-form\"><div class=\"wpb_wrapper\"><p class=\"headline-3\" style=\"text-align: left\">\u00bfQu\u00e9 podemos hacer para ti?<\/p>\n<p style=\"text-align: left\">Escr\u00edbenos utilizando el siguiente formulario a contunuaci\u00f3n.<\/p>\n<p style=\"text-align: left\">\n<div class=\"wpcf7 no-js\" id=\"wpcf7-f4867-o1\" lang=\"es-ES\" dir=\"ltr\" data-wpcf7-id=\"4867\">\n<div class=\"screen-reader-response\"><p role=\"status\" aria-live=\"polite\" aria-atomic=\"true\"><\/p> <ul><\/ul><\/div>\n<form action=\"\/es\/wp-json\/wp\/v2\/pages\/4416#wpcf7-f4867-o1\" method=\"post\" class=\"wpcf7-form init\" aria-label=\"Formulario de contacto\" novalidate=\"novalidate\" data-status=\"init\">\n<fieldset class=\"hidden-fields-container\"><input type=\"hidden\" name=\"_wpcf7\" value=\"4867\" \/><input type=\"hidden\" name=\"_wpcf7_version\" value=\"6.1.5\" \/><input type=\"hidden\" name=\"_wpcf7_locale\" value=\"es_ES\" \/><input type=\"hidden\" name=\"_wpcf7_unit_tag\" value=\"wpcf7-f4867-o1\" \/><input type=\"hidden\" name=\"_wpcf7_container_post\" value=\"0\" \/><input type=\"hidden\" name=\"_wpcf7_posted_data_hash\" value=\"\" \/><input type=\"hidden\" name=\"_wpcf7cf_hidden_group_fields\" value=\"[]\" \/><input type=\"hidden\" name=\"_wpcf7cf_hidden_groups\" value=\"[]\" \/><input type=\"hidden\" name=\"_wpcf7cf_visible_groups\" value=\"[]\" \/><input type=\"hidden\" name=\"_wpcf7cf_repeaters\" value=\"[]\" \/><input type=\"hidden\" name=\"_wpcf7cf_steps\" value=\"{}\" \/><input type=\"hidden\" name=\"_wpcf7cf_options\" value=\"{&quot;form_id&quot;:4867,&quot;conditions&quot;:[{&quot;then_field&quot;:&quot;submit-1&quot;,&quot;and_rules&quot;:[{&quot;if_field&quot;:&quot;custom-submit&quot;,&quot;operator&quot;:&quot;equals&quot;,&quot;if_value&quot;:&quot;submit-1&quot;}]},{&quot;then_field&quot;:&quot;submit-2&quot;,&quot;and_rules&quot;:[{&quot;if_field&quot;:&quot;custom-submit&quot;,&quot;operator&quot;:&quot;equals&quot;,&quot;if_value&quot;:&quot;submit-2&quot;}]},{&quot;then_field&quot;:&quot;form-1&quot;,&quot;and_rules&quot;:[{&quot;if_field&quot;:&quot;custom-form&quot;,&quot;operator&quot;:&quot;equals&quot;,&quot;if_value&quot;:&quot;form-1&quot;}]},{&quot;then_field&quot;:&quot;form-1&quot;,&quot;and_rules&quot;:[{&quot;if_field&quot;:&quot;custom-form&quot;,&quot;operator&quot;:&quot;equals&quot;,&quot;if_value&quot;:&quot;form-2&quot;}]},{&quot;then_field&quot;:&quot;form-2&quot;,&quot;and_rules&quot;:[{&quot;if_field&quot;:&quot;custom-form&quot;,&quot;operator&quot;:&quot;equals&quot;,&quot;if_value&quot;:&quot;form-2&quot;}]},{&quot;then_field&quot;:&quot;form-3&quot;,&quot;and_rules&quot;:[{&quot;if_field&quot;:&quot;custom-form&quot;,&quot;operator&quot;:&quot;equals&quot;,&quot;if_value&quot;:&quot;form-3&quot;}]}],&quot;settings&quot;:{&quot;animation&quot;:&quot;no&quot;,&quot;animation_intime&quot;:&quot;200&quot;,&quot;animation_outtime&quot;:&quot;200&quot;,&quot;conditions_ui&quot;:&quot;normal&quot;,&quot;notice_dismissed&quot;:&quot;1&quot;,&quot;regex_numeric&quot;:&quot;^[0-9]+$&quot;,&quot;regex_alphabetic&quot;:&quot;^[a-zA-Z]+$&quot;,&quot;regex_alphanumeric&quot;:&quot;^[a-zA-Z0-9]+$&quot;,&quot;regex_date&quot;:&quot;^(0?[1-9]|1[012])[- .](0?[1-9]|[12][0-9]|3[01])[- \\\/.](19|20)?[0-9]{2}$&quot;,&quot;regex_email&quot;:&quot;^[a-zA-Z0-9._%-]+@[a-zA-Z0-9.-]+.[a-zA-Z]{2,4}$&quot;,&quot;regex_numeric_label&quot;:&quot;numeric&quot;,&quot;regex_alphabetic_label&quot;:&quot;alphabetic&quot;,&quot;regex_alphanumeric_label&quot;:&quot;alphanumeric&quot;,&quot;regex_date_label&quot;:&quot;date&quot;,&quot;regex_email_label&quot;:&quot;email&quot;,&quot;regex_custom_1&quot;:&quot;&quot;,&quot;regex_custom_2&quot;:&quot;&quot;,&quot;regex_custom_3&quot;:&quot;&quot;,&quot;regex_custom_4&quot;:&quot;&quot;,&quot;regex_custom_5&quot;:&quot;&quot;,&quot;regex_custom_1_label&quot;:&quot;custom 1&quot;,&quot;regex_custom_2_label&quot;:&quot;custom 2&quot;,&quot;regex_custom_3_label&quot;:&quot;custom 3&quot;,&quot;regex_custom_4_label&quot;:&quot;custom 4&quot;,&quot;regex_custom_5_label&quot;:&quot;custom 5&quot;,&quot;notice_dismissed_rollback-cf7-6.0.5&quot;:true,&quot;notice_dismissed_rollback-cf7-6.0.6&quot;:true,&quot;notice_dismissed_rollback-cf7-6.1.4&quot;:true}}\" \/><input type=\"hidden\" name=\"_wpcf7_recaptcha_response\" value=\"\" \/>\n<\/fieldset>\n<input class=\"wpcf7-form-control wpcf7-hidden\" value=\"form-2\" type=\"hidden\" name=\"custom-form\" \/>\n<input class=\"wpcf7-form-control wpcf7-hidden\" value=\"submit-2\" type=\"hidden\" name=\"custom-submit\" \/>\n<input class=\"wpcf7-form-control wpcf7-hidden\" value=\"Demande de contact\" type=\"hidden\" name=\"your-subject\" \/>\n<div class=\"form-container\">\n\t<div class=\"field-row\">\n\t\t<div class=\"field\">\n\t\t\t<p><label>Nombre<span class=\"asterisk\">*<\/span><\/label><span class=\"wpcf7-form-control-wrap\" data-name=\"your-name\"><input size=\"40\" maxlength=\"400\" class=\"wpcf7-form-control wpcf7-text wpcf7-validates-as-required\" autocomplete=\"given-name\" aria-required=\"true\" aria-invalid=\"false\" value=\"\" type=\"text\" name=\"your-name\" \/><\/span>\n\t\t\t<\/p>\n\t\t<\/div>\n\t\t<div class=\"field\">\n\t\t\t<p><label>Apellido<span class=\"asterisk\">*<\/span><\/label><span class=\"wpcf7-form-control-wrap\" data-name=\"your-lastname\"><input size=\"40\" maxlength=\"400\" class=\"wpcf7-form-control wpcf7-text wpcf7-validates-as-required\" autocomplete=\"family-name\" aria-required=\"true\" aria-invalid=\"false\" value=\"\" type=\"text\" name=\"your-lastname\" \/><\/span>\n\t\t\t<\/p>\n\t\t<\/div>\n\t<\/div>\n\t<div class=\"field-row\">\n\t\t<div class=\"field\">\n\t\t\t<p><label>Correo electr\u00f3nico<span class=\"asterisk\">*<\/span><\/label><span class=\"wpcf7-form-control-wrap\" data-name=\"your-email\"><input size=\"40\" maxlength=\"400\" class=\"wpcf7-form-control wpcf7-email wpcf7-validates-as-required wpcf7-text wpcf7-validates-as-email\" autocomplete=\"email\" aria-required=\"true\" aria-invalid=\"false\" value=\"\" type=\"email\" name=\"your-email\" \/><\/span>\n\t\t\t<\/p>\n\t\t<\/div>\n\t<\/div>\n\t<div class=\"field-row\">\n\t\t<div class=\"field\">\n\t\t\t<p><label>Tel\u00e9fono<\/label><span class=\"wpcf7-form-control-wrap\" data-name=\"your-phone\"><input size=\"40\" maxlength=\"400\" class=\"wpcf7-form-control wpcf7-tel wpcf7-text wpcf7-validates-as-tel\" autocomplete=\"tel\" aria-invalid=\"false\" value=\"\" type=\"tel\" name=\"your-phone\" \/><\/span>\n\t\t\t<\/p>\n\t\t<\/div>\n\t<\/div>\n\t<div data-id=\"form-1\" data-orig_data_id=\"form-1\"  class=\"\" data-class=\"wpcf7cf_group\">\n\t\t<div class=\"field-row\">\n\t\t\t<div class=\"field\">\n\t\t\t\t<p><label>Posici\u00f3n de trabajo<span class=\"asterisk\">*<\/span><\/label><span class=\"wpcf7-form-control-wrap\" data-name=\"your-jobtitle2\"><input size=\"40\" maxlength=\"400\" class=\"wpcf7-form-control wpcf7-text wpcf7-validates-as-required\" autocomplete=\"organization-title\" aria-required=\"true\" aria-invalid=\"false\" value=\"\" type=\"text\" name=\"your-jobtitle2\" \/><\/span>\n\t\t\t\t<\/p>\n\t\t\t<\/div>\n\t\t\t<div class=\"field\">\n\t\t\t\t<p><label>Empresa<span class=\"asterisk\">*<\/span><\/label><span class=\"wpcf7-form-control-wrap\" data-name=\"your-company\"><input size=\"40\" maxlength=\"400\" class=\"wpcf7-form-control wpcf7-text wpcf7-validates-as-required\" autocomplete=\"organization\" aria-required=\"true\" aria-invalid=\"false\" value=\"\" type=\"text\" name=\"your-company\" \/><\/span>\n\t\t\t\t<\/p>\n\t\t\t<\/div>\n\t\t<\/div>\n\t\t<div class=\"field-row\">\n\t\t\t<div class=\"field\">\n\t\t\t\t<p><label>\u00bfC\u00f3mo nos has conocido?<\/label><span class=\"wpcf7-form-control-wrap\" data-name=\"source\"><select class=\"wpcf7-form-control wpcf7-select\" aria-invalid=\"false\" name=\"source\"><option value=\"-\">-<\/option><option value=\"Relaci\u00f3n profesional\">Relaci\u00f3n profesional<\/option><option value=\"Prensa\">Prensa<\/option><option value=\"Internet\">Internet<\/option><option value=\"Feria\">Feria<\/option><option value=\"LinkedIn\">LinkedIn<\/option><option value=\"Otros\">Otros<\/option><\/select><\/span>\n\t\t\t\t<\/p>\n\t\t\t<\/div>\n\t\t<\/div>\n\t<\/div>\n\t<div data-id=\"form-2\" data-orig_data_id=\"form-2\"  class=\"\" data-class=\"wpcf7cf_group\">\n\t\t<div class=\"field-row break\">\n\t\t\t<div class=\"field\">\n\t\t\t\t<p><label>Asunto<\/label><span class=\"wpcf7-form-control-wrap\" data-name=\"your-object\"><input size=\"40\" maxlength=\"400\" class=\"wpcf7-form-control wpcf7-text\" aria-invalid=\"false\" value=\"\" type=\"text\" name=\"your-object\" \/><\/span>\n\t\t\t\t<\/p>\n\t\t\t<\/div>\n\t\t<\/div>\n\t\t<div class=\"field-row\">\n\t\t\t<div class=\"field\">\n\t\t\t\t<p><label>Tu mensaje<\/label><span class=\"wpcf7-form-control-wrap\" data-name=\"your-message\"><textarea cols=\"40\" rows=\"10\" maxlength=\"2000\" class=\"wpcf7-form-control wpcf7-textarea\" aria-invalid=\"false\" name=\"your-message\"><\/textarea><\/span>\n\t\t\t\t<\/p>\n\t\t\t<\/div>\n\t\t<\/div>\n\t<\/div>\n\t<div data-id=\"form-3\" data-orig_data_id=\"form-3\"  class=\"\" data-class=\"wpcf7cf_group\">\n\t\t<div class=\"field-row\">\n\t\t\t<div class=\"field\">\n\t\t\t\t<p><label>Establecimiento<span class=\"asterisk\">*<\/span><\/label><span class=\"wpcf7-form-control-wrap\" data-name=\"your-establishment\"><input size=\"40\" maxlength=\"400\" class=\"wpcf7-form-control wpcf7-text wpcf7-validates-as-required\" autocomplete=\"organization\" aria-required=\"true\" aria-invalid=\"false\" value=\"\" type=\"text\" name=\"your-establishment\" \/><\/span>\n\t\t\t\t<\/p>\n\t\t\t<\/div>\n\t\t\t<div class=\"field\">\n\t\t\t\t<p><label>Posici\u00f3n de trabajo<\/label><span class=\"wpcf7-form-control-wrap\" data-name=\"your-jobtitle\"><input size=\"40\" maxlength=\"400\" class=\"wpcf7-form-control wpcf7-text\" autocomplete=\"organization-title\" aria-invalid=\"false\" value=\"\" type=\"text\" name=\"your-jobtitle\" \/><\/span>\n\t\t\t\t<\/p>\n\t\t\t<\/div>\n\t\t<\/div>\n\t<\/div>\n\t<div class=\"field-row\">\n\t\t<div class=\"field\">\n\t\t\n\t\t<\/div>\n\t<\/div>\n\t<div data-id=\"submit-1\" data-orig_data_id=\"submit-1\"  class=\"\" data-class=\"wpcf7cf_group\">\n\t\t<div class=\"field-row submit\">\n\t\t\t<div class=\"field legendform\">\n\t\t\t\t<p><span class=\"asterisk\">*<\/span> Campos obligatorios.\n\t\t\t\t<\/p>\n\t\t\t<\/div>\n\t\t\t<div class=\"field\">\n\t\t\t\t<p><input class=\"wpcf7-form-control wpcf7-submit has-spinner\" type=\"submit\" value=\"Programo una demostraci\u00f3n\" \/>\n\t\t\t\t<\/p>\n\t\t\t<\/div>\n\t\t<\/div>\n\t<\/div>\n\t<div data-id=\"submit-2\" data-orig_data_id=\"submit-2\"  class=\"\" data-class=\"wpcf7cf_group\">\n\t\t<div class=\"field-row submit\">\n\t\t\t<div class=\"field legendform\">\n\t\t\t\t<p><span class=\"asterisk\">*<\/span> Campos obligatorios.\n\t\t\t\t<\/p>\n\t\t\t<\/div>\n\t\t\t<div class=\"field\">\n\t\t\t\t<p><input class=\"wpcf7-form-control wpcf7-submit has-spinner\" type=\"submit\" value=\"Enviar\" \/>\n\t\t\t\t<\/p>\n\t\t\t<\/div>\n\t\t<\/div>\n\t<\/div>\n<\/div><p style=\"display: none !important;\" class=\"akismet-fields-container\" data-prefix=\"_wpcf7_ak_\"><label>&#916;<textarea name=\"_wpcf7_ak_hp_textarea\" cols=\"45\" rows=\"8\" maxlength=\"100\"><\/textarea><\/label><input type=\"hidden\" id=\"ak_js_1\" name=\"_wpcf7_ak_js\" value=\"148\"\/><script>document.getElementById( \"ak_js_1\" ).setAttribute( \"value\", ( new Date() ).getTime() );<\/script><\/p><div class=\"wpcf7-response-output\" aria-hidden=\"true\"><\/div>\n<\/form>\n<\/div>\n<\/div><\/div><\/div><\/div><\/div><\/div><\/div><\/section><section class=\"l-section wpb_row map-block height_auto width_full color_alternate\"><div class=\"l-section-h i-cf\"><div class=\"g-cols vc_row via_flex valign_middle type_default stacking_default\"><div class=\"vc_col-sm-6 wpb_column vc_column_container\"><div class=\"vc_column-inner\"><div class=\"wpb_wrapper\">[vc_raw_html]JTNDaWZyYW1lJTIwc3JjJTNEJTIyaHR0cHMlM0ElMkYlMkZ3d3cuZ29vZ2xlLmNvbSUyRm1hcHMlMkZlbWJlZCUzRnBiJTNEJTIxMW0xNCUyMTFtOCUyMTFtMyUyMTFkMTA4MzMuOTM1MzgxMDk3Mzk1JTIxMmQtMS41NDkxOTY0JTIxM2Q0Ny4yNDYyNDEzJTIxM20yJTIxMWkxMDI0JTIxMmk3NjglMjE0ZjEzLjElMjEzbTMlMjExbTIlMjExczB4MCUyNTNBMHg5ZDNiMDQwMTUwMDNkOGVmJTIxMnNQZWVrJTI2JTIzMzklM0JpbiUyMTVlMCUyMTNtMiUyMTFzZnIlMjEyc2ZyJTIxNHYxNTUxNDYxNTcwNjEzJTIyJTIwZnJhbWVib3JkZXIlM0QlMjIwJTIyJTIwc3R5bGUlM0QlMjJib3JkZXIlM0EwJTIyJTIwYWxsb3dmdWxsc2NyZWVuJTNFJTNDJTJGaWZyYW1lJTNF[\/vc_raw_html]<\/div><\/div><\/div><div class=\"vc_col-sm-6 wpb_column vc_column_container\"><div class=\"vc_column-inner\"><div class=\"wpb_wrapper\"><div class=\"w-image align_center\"><div class=\"w-image-h\"><img decoding=\"async\" src=\"https:\/\/peekin.me\/wp-content\/uploads\/logo-full-es.svg\" class=\"attachment-full size-full\" alt=\"\" loading=\"lazy\" \/><\/div><\/div><div class=\"wpb_text_column\"><div class=\"wpb_wrapper\"><p class=\"headline-4\" style=\"text-align: center\">Horarios de apertura :<\/p>\n<p style=\"text-align: center\">Lunes a Viernes : 9h &#8211; 18h<\/p>\n<\/div><\/div><\/div><\/div><\/div><\/div><\/div><\/section>\n","protected":false},"excerpt":{"rendered":"Cont\u00e1ctanos\u00bfQu\u00e9 podemos hacer para ti? Escr\u00edbenos utilizando el siguiente formulario a contunuaci\u00f3n. Nombre* Apellido* Correo electr\u00f3nico* Tel\u00e9fono Posici\u00f3n de trabajo* Empresa* \u00bfC\u00f3mo nos has conocido?-Relaci\u00f3n profesionalPrensaInternetFeriaLinkedInOtros Asunto Tu mensaje Establecimiento* Posici\u00f3n de trabajo * Campos obligatorios. * Campos obligatorios. &#916; [vc_raw_html]JTNDaWZyYW1lJTIwc3JjJTNEJTIyaHR0cHMlM0ElMkYlMkZ3d3cuZ29vZ2xlLmNvbSUyRm1hcHMlMkZlbWJlZCUzRnBiJTNEJTIxMW0xNCUyMTFtOCUyMTFtMyUyMTFkMTA4MzMuOTM1MzgxMDk3Mzk1JTIxMmQtMS41NDkxOTY0JTIxM2Q0Ny4yNDYyNDEzJTIxM20yJTIxMWkxMDI0JTIxMmk3NjglMjE0ZjEzLjElMjEzbTMlMjExbTIlMjExczB4MCUyNTNBMHg5ZDNiMDQwMTUwMDNkOGVmJTIxMnNQZWVrJTI2JTIzMzklM0JpbiUyMTVlMCUyMTNtMiUyMTFzZnIlMjEyc2ZyJTIxNHYxNTUxNDYxNTcwNjEzJTIyJTIwZnJhbWVib3JkZXIlM0QlMjIwJTIyJTIwc3R5bGUlM0QlMjJib3JkZXIlM0EwJTIyJTIwYWxsb3dmdWxsc2NyZWVuJTNFJTNDJTJGaWZyYW1lJTNF[\/vc_raw_html]Horarios de apertura : Lunes a Viernes : 9h &#8211; 18h","protected":false},"author":14,"featured_media":0,"parent":0,"menu_order":7,"comment_status":"closed","ping_status":"closed","template":"","meta":{"_acf_changed":false,"footnotes":""},"class_list":["post-4416","page","type-page","status-publish","hentry"],"acf":[],"yoast_head":"<!-- This site is optimized with the Yoast SEO plugin v27.3 - https:\/\/yoast.com\/product\/yoast-seo-wordpress\/ -->\n<title>Para m\u00e1s informaci\u00f3n, ponte en contacto con PeeK&#039;in<\/title>\n<meta name=\"description\" content=\"Rellenando nuestro formulario de contacto, un miembro de nuestro equipo se pondr\u00e1 en contacto contigo lo antes posible.\" \/>\n<meta name=\"robots\" content=\"index, follow, max-snippet:-1, max-image-preview:large, max-video-preview:-1\" \/>\n<link rel=\"canonical\" href=\"https:\/\/peekin.me\/es\/contactanos\/\" \/>\n<meta property=\"og:locale\" content=\"es_ES\" \/>\n<meta property=\"og:type\" content=\"article\" \/>\n<meta property=\"og:title\" content=\"Para m\u00e1s informaci\u00f3n, ponte en contacto con PeeK&#039;in\" \/>\n<meta property=\"og:description\" content=\"Rellenando nuestro formulario de contacto, un miembro de nuestro equipo se pondr\u00e1 en contacto contigo lo antes posible.\" \/>\n<meta property=\"og:url\" content=\"https:\/\/peekin.me\/es\/contactanos\/\" \/>\n<meta property=\"og:site_name\" content=\"Peek&#039;in\" \/>\n<meta property=\"article:publisher\" content=\"https:\/\/www.facebook.com\/peekin.me\/\" \/>\n<meta property=\"article:modified_time\" content=\"2025-10-16T14:15:09+00:00\" \/>\n<meta name=\"twitter:card\" content=\"summary_large_image\" \/>\n<meta name=\"twitter:site\" content=\"@peek_in\" \/>\n<meta name=\"twitter:label1\" content=\"Tiempo de lectura\" \/>\n\t<meta name=\"twitter:data1\" content=\"1 minuto\" \/>\n<script type=\"application\/ld+json\" class=\"yoast-schema-graph\">{\"@context\":\"https:\\\/\\\/schema.org\",\"@graph\":[{\"@type\":\"WebPage\",\"@id\":\"https:\\\/\\\/peekin.me\\\/es\\\/contactanos\\\/\",\"url\":\"https:\\\/\\\/peekin.me\\\/es\\\/contactanos\\\/\",\"name\":\"Para m\u00e1s informaci\u00f3n, ponte en contacto con PeeK'in\",\"isPartOf\":{\"@id\":\"https:\\\/\\\/peekin.me\\\/es\\\/#website\"},\"datePublished\":\"2018-05-12T08:25:11+00:00\",\"dateModified\":\"2025-10-16T14:15:09+00:00\",\"description\":\"Rellenando nuestro formulario de contacto, un miembro de nuestro equipo se pondr\u00e1 en contacto contigo lo antes posible.\",\"breadcrumb\":{\"@id\":\"https:\\\/\\\/peekin.me\\\/es\\\/contactanos\\\/#breadcrumb\"},\"inLanguage\":\"es\",\"potentialAction\":[{\"@type\":\"ReadAction\",\"target\":[\"https:\\\/\\\/peekin.me\\\/es\\\/contactanos\\\/\"]}]},{\"@type\":\"BreadcrumbList\",\"@id\":\"https:\\\/\\\/peekin.me\\\/es\\\/contactanos\\\/#breadcrumb\",\"itemListElement\":[{\"@type\":\"ListItem\",\"position\":1,\"name\":\"Accueil\",\"item\":\"https:\\\/\\\/peekin.me\\\/es\\\/\"},{\"@type\":\"ListItem\",\"position\":2,\"name\":\"Cont\u00e1ctanos\"}]},{\"@type\":\"WebSite\",\"@id\":\"https:\\\/\\\/peekin.me\\\/es\\\/#website\",\"url\":\"https:\\\/\\\/peekin.me\\\/es\\\/\",\"name\":\"PeeKin\",\"description\":\"La satisfaction client par l&#039;objet (re) trouv\u00e9\",\"publisher\":{\"@id\":\"https:\\\/\\\/peekin.me\\\/es\\\/#organization\"},\"potentialAction\":[{\"@type\":\"SearchAction\",\"target\":{\"@type\":\"EntryPoint\",\"urlTemplate\":\"https:\\\/\\\/peekin.me\\\/es\\\/?s={search_term_string}\"},\"query-input\":{\"@type\":\"PropertyValueSpecification\",\"valueRequired\":true,\"valueName\":\"search_term_string\"}}],\"inLanguage\":\"es\"},{\"@type\":\"Organization\",\"@id\":\"https:\\\/\\\/peekin.me\\\/es\\\/#organization\",\"name\":\"PeeK'in\",\"url\":\"https:\\\/\\\/peekin.me\\\/es\\\/\",\"logo\":{\"@type\":\"ImageObject\",\"inLanguage\":\"es\",\"@id\":\"https:\\\/\\\/peekin.me\\\/es\\\/#\\\/schema\\\/logo\\\/image\\\/\",\"url\":\"https:\\\/\\\/peekin.me\\\/wp-content\\\/uploads\\\/2019\\\/01\\\/logo.png\",\"contentUrl\":\"https:\\\/\\\/peekin.me\\\/wp-content\\\/uploads\\\/2019\\\/01\\\/logo.png\",\"width\":320,\"height\":150,\"caption\":\"PeeK'in\"},\"image\":{\"@id\":\"https:\\\/\\\/peekin.me\\\/es\\\/#\\\/schema\\\/logo\\\/image\\\/\"},\"sameAs\":[\"https:\\\/\\\/www.facebook.com\\\/peekin.me\\\/\",\"https:\\\/\\\/x.com\\\/peek_in\",\"https:\\\/\\\/fr.linkedin.com\\\/company\\\/peekin\"]}]}<\/script>\n<!-- \/ Yoast SEO plugin. -->","yoast_head_json":{"title":"Para m\u00e1s informaci\u00f3n, ponte en contacto con PeeK'in","description":"Rellenando nuestro formulario de contacto, un miembro de nuestro equipo se pondr\u00e1 en contacto contigo lo antes posible.","robots":{"index":"index","follow":"follow","max-snippet":"max-snippet:-1","max-image-preview":"max-image-preview:large","max-video-preview":"max-video-preview:-1"},"canonical":"https:\/\/peekin.me\/es\/contactanos\/","og_locale":"es_ES","og_type":"article","og_title":"Para m\u00e1s informaci\u00f3n, ponte en contacto con PeeK'in","og_description":"Rellenando nuestro formulario de contacto, un miembro de nuestro equipo se pondr\u00e1 en contacto contigo lo antes posible.","og_url":"https:\/\/peekin.me\/es\/contactanos\/","og_site_name":"Peek&#039;in","article_publisher":"https:\/\/www.facebook.com\/peekin.me\/","article_modified_time":"2025-10-16T14:15:09+00:00","twitter_card":"summary_large_image","twitter_site":"@peek_in","twitter_misc":{"Tiempo de lectura":"1 minuto"},"schema":{"@context":"https:\/\/schema.org","@graph":[{"@type":"WebPage","@id":"https:\/\/peekin.me\/es\/contactanos\/","url":"https:\/\/peekin.me\/es\/contactanos\/","name":"Para m\u00e1s informaci\u00f3n, ponte en contacto con PeeK'in","isPartOf":{"@id":"https:\/\/peekin.me\/es\/#website"},"datePublished":"2018-05-12T08:25:11+00:00","dateModified":"2025-10-16T14:15:09+00:00","description":"Rellenando nuestro formulario de contacto, un miembro de nuestro equipo se pondr\u00e1 en contacto contigo lo antes posible.","breadcrumb":{"@id":"https:\/\/peekin.me\/es\/contactanos\/#breadcrumb"},"inLanguage":"es","potentialAction":[{"@type":"ReadAction","target":["https:\/\/peekin.me\/es\/contactanos\/"]}]},{"@type":"BreadcrumbList","@id":"https:\/\/peekin.me\/es\/contactanos\/#breadcrumb","itemListElement":[{"@type":"ListItem","position":1,"name":"Accueil","item":"https:\/\/peekin.me\/es\/"},{"@type":"ListItem","position":2,"name":"Cont\u00e1ctanos"}]},{"@type":"WebSite","@id":"https:\/\/peekin.me\/es\/#website","url":"https:\/\/peekin.me\/es\/","name":"PeeKin","description":"La satisfaction client par l&#039;objet (re) trouv\u00e9","publisher":{"@id":"https:\/\/peekin.me\/es\/#organization"},"potentialAction":[{"@type":"SearchAction","target":{"@type":"EntryPoint","urlTemplate":"https:\/\/peekin.me\/es\/?s={search_term_string}"},"query-input":{"@type":"PropertyValueSpecification","valueRequired":true,"valueName":"search_term_string"}}],"inLanguage":"es"},{"@type":"Organization","@id":"https:\/\/peekin.me\/es\/#organization","name":"PeeK'in","url":"https:\/\/peekin.me\/es\/","logo":{"@type":"ImageObject","inLanguage":"es","@id":"https:\/\/peekin.me\/es\/#\/schema\/logo\/image\/","url":"https:\/\/peekin.me\/wp-content\/uploads\/2019\/01\/logo.png","contentUrl":"https:\/\/peekin.me\/wp-content\/uploads\/2019\/01\/logo.png","width":320,"height":150,"caption":"PeeK'in"},"image":{"@id":"https:\/\/peekin.me\/es\/#\/schema\/logo\/image\/"},"sameAs":["https:\/\/www.facebook.com\/peekin.me\/","https:\/\/x.com\/peek_in","https:\/\/fr.linkedin.com\/company\/peekin"]}]}},"_links":{"self":[{"href":"https:\/\/peekin.me\/es\/wp-json\/wp\/v2\/pages\/4416","targetHints":{"allow":["GET"]}}],"collection":[{"href":"https:\/\/peekin.me\/es\/wp-json\/wp\/v2\/pages"}],"about":[{"href":"https:\/\/peekin.me\/es\/wp-json\/wp\/v2\/types\/page"}],"author":[{"embeddable":true,"href":"https:\/\/peekin.me\/es\/wp-json\/wp\/v2\/users\/14"}],"replies":[{"embeddable":true,"href":"https:\/\/peekin.me\/es\/wp-json\/wp\/v2\/comments?post=4416"}],"version-history":[{"count":10,"href":"https:\/\/peekin.me\/es\/wp-json\/wp\/v2\/pages\/4416\/revisions"}],"predecessor-version":[{"id":6497,"href":"https:\/\/peekin.me\/es\/wp-json\/wp\/v2\/pages\/4416\/revisions\/6497"}],"wp:attachment":[{"href":"https:\/\/peekin.me\/es\/wp-json\/wp\/v2\/media?parent=4416"}],"curies":[{"name":"wp","href":"https:\/\/api.w.org\/{rel}","templated":true}]}}