{"id":4853,"date":"2020-12-21T11:19:53","date_gmt":"2020-12-21T10:19:53","guid":{"rendered":"https:\/\/peekin.me\/peekin-touch\/"},"modified":"2024-06-25T16:50:22","modified_gmt":"2024-06-25T14:50:22","slug":"peekin-touch","status":"publish","type":"page","link":"https:\/\/peekin.me\/es\/peekin-touch\/","title":{"rendered":"La PeeK&#8217;in touch"},"content":{"rendered":"<section class=\"l-section wpb_row us_custom_1bf0bfa1 height_medium\"><div class=\"l-section-h i-cf\"><div class=\"g-cols vc_row via_flex valign_top type_default stacking_default\"><div class=\"vc_col-sm-12 wpb_column vc_column_container\"><div class=\"vc_column-inner\"><div class=\"wpb_wrapper\"><h1 class=\"w-post-elm post_title title-bar align_center entry-title color_link_inherit\">La PeeK&#8217;in touch<\/h1><div class=\"wpb_text_column\"><div class=\"wpb_wrapper\"><h2 class=\"headline-5 light\" style=\"text-align: center\">El objetivo de PeeK&#8217;in es facilitar la recuperaci\u00f3n de objetos olvidados y ahorrar tiempo a los equipos que los gestionan. En resumen,\u00a1estar al servicio!<\/h2>\n<\/div><\/div><\/div><\/div><\/div><\/div><\/div><\/section><section class=\"l-section wpb_row height_medium\"><div class=\"l-section-h i-cf\"><div class=\"g-cols vc_row via_flex valign_middle type_default stacking_default\"><div class=\"vc_col-sm-6 wpb_column vc_column_container\"><div class=\"vc_column-inner\"><div class=\"wpb_wrapper\"><div class=\"wpb_text_column\"><div class=\"wpb_wrapper\"><h2 class=\"line-title\">\u00c9rase una vez&#8230;<\/h2>\n<p>En el origen de PeeK&#8217;in est\u00e1 J\u00e9r\u00f4me Pasquet, nuestro fundador: acostumbrado a viajar por trabajo, se dio cuenta de que no pasaba una semana sin que \u00e9l o uno de sus colegas olvidara alg\u00fan objeto en un hotel. Entre los retrasos, a menudo largos, las dificultades para pagar el env\u00edo y los paquetes hechos con cajas viejas cerradas con pesada cinta de mudanzas, \u00a1lo ha visto todo!<\/p>\n<p>Tras hablar con los hoteleros, encarg\u00f3 un estudio de mercado que confirm\u00f3 que hab\u00eda muchos m\u00e1s en la misma situaci\u00f3n. Se form\u00f3 el equipo PeeK&#8217;in, con el objetivo de liberar a los profesionales del turismo de estas tareas que tanto tiempo consumen. Est\u00e1n contentos de poder <strong>concentrarse en su trabajo y estar disponibles para sus clientes.<\/strong><\/p>\n<\/div><\/div><\/div><\/div><\/div><div class=\"vc_col-sm-6 wpb_column vc_column_container\"><div class=\"vc_column-inner\"><div class=\"wpb_wrapper\"><div class=\"w-image align_center\"><div class=\"w-image-h\"><img decoding=\"async\" width=\"1200\" height=\"938\" src=\"https:\/\/peekin.me\/wp-content\/uploads\/photo-equipe-seminaire.jpg\" class=\"attachment-full size-full\" alt=\"\" loading=\"lazy\" srcset=\"https:\/\/peekin.me\/wp-content\/uploads\/photo-equipe-seminaire.jpg 1200w, https:\/\/peekin.me\/wp-content\/uploads\/photo-equipe-seminaire-300x235.jpg 300w, https:\/\/peekin.me\/wp-content\/uploads\/photo-equipe-seminaire-1024x800.jpg 1024w, https:\/\/peekin.me\/wp-content\/uploads\/photo-equipe-seminaire-100x78.jpg 100w\" sizes=\"auto, (max-width: 1200px) 100vw, 1200px\" \/><\/div><\/div><\/div><\/div><\/div><\/div><\/div><\/section><section class=\"l-section wpb_row motif height_medium color_alternate with_img\"><div class=\"l-section-img\" role=\"img\" aria-label=\"Imagen\" data-img-width=\"\" data-img-height=\"\" style=\"background-image: url(https:\/\/peekin.me\/wp-content\/uploads\/new-background-motif.svg);background-size: auto;\"><\/div><div class=\"l-section-h i-cf\"><div class=\"g-cols vc_row via_flex valign_middle type_default stacking_default\"><div class=\"vc_col-sm-6 wpb_column vc_column_container\"><div class=\"vc_column-inner\"><div class=\"wpb_wrapper\">[vc_raw_html]PGRpdj4NCjxkaXYgY2xhc3M9InZpZGVvLXdyYXBwZXIiPg0KICA8ZGl2IGNsYXNzPSJ2aWRlby1jb250YWluZXIiPg0KICA8L2Rpdj4NCiAgPGJ1dHRvbiBjbGFzcz0icGxheS1idXR0b24iIGlkPSJjb3ZlciI+PC9idXR0b24+DQogICAgPGltZyBzcmM9Imh0dHBzOi8vcGVla2luLm1lL3dwLWNvbnRlbnQvdXBsb2Fkcy9QZWVraW5fSkRVX0pQQS5qcGciIGlkPSJjb3ZlciI+DQogICAgPGlmcmFtZSB3aWR0aD0iMTAwJSIgaGVpZ2h0PSIxMDAlIiBzcmM9Imh0dHBzOi8vd3d3LnlvdXR1YmUuY29tL2VtYmVkL3piUGtWR0RvYi1RP3JlbD0wIiBmcmFtZWJvcmRlcj0iMCIgYWxsb3c9ImFjY2VsZXJvbWV0ZXI7IGF1dG9wbGF5OyBlbmNyeXB0ZWQtbWVkaWE7IGd5cm9zY29wZTsgcGljdHVyZS1pbi1waWN0dXJlIiBhbGxvd2Z1bGxzY3JlZW4gaWQ9InBsYXllciI+PC9pZnJhbWU+DQo8L2Rpdj4NCjwvZGl2Pg==[\/vc_raw_html][vc_raw_js]JTNDc2NyaXB0JTNFJTBBc2V0SW50ZXJ2YWwlMjhmdW5jdGlvbiUyOCUyOSU3QiUwQSUyMCUyMCUyMCUyMCUyMCUyMCUyMCUyMGlmJTI4ZG9jdW1lbnQuYWN0aXZlRWxlbWVudCUyMGluc3RhbmNlb2YlMjBIVE1MSUZyYW1lRWxlbWVudCUyOSU3QiUwQSUyMCUyMCUyMCUyMCUyMCUyMCUyMCUyMCUyMCUyMCUyMCUyMGRvY3VtZW50LmdldEVsZW1lbnRCeUlkJTI4JTI3Y292ZXIlMjclMjkuc3R5bGUub3BhY2l0eSUzRDAlM0IlMEElMjAlMjAlMjAlMjAlMjAlMjAlMjAlMjAlMjAlMjAlMjAlMjBkb2N1bWVudC5nZXRFbGVtZW50QnlJZCUyOCUyN3BsYXllciUyNyUyOS5zdHlsZS5vcGFjaXR5JTNEMSUzQiUwQSUyMCUyMCUyMCUyMCUyMCUyMCUyMCUyMCU3RCUwQSUyMCUyMCUyMCUyMCU3RCUyMCUyQyUyMDUwJTI5JTNCJTBBJTNDJTJGc2NyaXB0JTNF[\/vc_raw_js]<\/div><\/div><\/div><div class=\"vc_col-sm-6 wpb_column vc_column_container\"><div class=\"vc_column-inner\"><div class=\"wpb_wrapper\"><div class=\"wpb_text_column\"><div class=\"wpb_wrapper\"><h2 class=\"line-title\">Nuestro ADN<\/h2>\n<p><strong>El ADN de PeeK&#8217;in es estar al servicio de sus clientes.<\/strong> Porque ellos mismos se desviven por satisfacer las expectativas de sus clientes: \u00a1todos tenemos el mismo objetivo!<\/p>\n<p>Adem\u00e1s, la aplicaci\u00f3n PeeK&#8217;in se ha dise\u00f1ado con los hoteleros y se mejora constantemente gracias a las peticiones de nuestros clientes de todos los sectores: <strong>es el codesarrollo, con la sencillez como leitmotiv.<\/strong><\/p>\n<p>Invertimos a diario para que la eficacia de nuestra aplicaci\u00f3n y nuestro servicio log\u00edstico vayan de la mano de la <strong>convivialidad<\/strong>: nuestros clientes aprecian que estemos a su lado y que les escuchemos.<\/p>\n<\/div><\/div><div class=\"w-separator size_small\"><\/div><div class=\"w-image us_custom_bf965c74 align_right\"><div class=\"w-image-h\"><img decoding=\"async\" src=\"https:\/\/peekin.me\/wp-content\/uploads\/ganador.svg\" class=\"attachment-full size-full\" alt=\"\" loading=\"lazy\" \/><\/div><\/div><\/div><\/div><\/div><\/div><\/div><\/section><section class=\"l-section wpb_row height_medium\"><div class=\"l-section-h i-cf\"><div class=\"g-cols vc_row via_flex valign_top type_default stacking_default\"><div class=\"vc_col-sm-12 wpb_column vc_column_container\"><div class=\"vc_column-inner\"><div class=\"wpb_wrapper\"><div class=\"wpb_text_column\"><div class=\"wpb_wrapper\"><h2 class=\"line-title\">El equipo<\/h2>\n<p class=\"headline-5 light\">Varios perfiles de todas las profesiones y condiciones sociales con una cosa en com\u00fan:<br \/>\nel amor al servicio.<\/p>\n<\/div><\/div><div class=\"w-separator size_medium\"><\/div><div class=\"w-vwrapper icons-team align_none valign_top\"><div class=\"w-iconbox iconpos_top style_default color_primary align_center icontype_img\"><div class=\"w-iconbox-icon\" style=\"font-size:11.5rem;\"><img loading=\"lazy\" decoding=\"async\" width=\"800\" height=\"800\" src=\"https:\/\/peekin.me\/wp-content\/uploads\/Jerome_Pasquet.jpg\" class=\"attachment-full size-full\" alt=\"\" srcset=\"https:\/\/peekin.me\/wp-content\/uploads\/Jerome_Pasquet.jpg 800w, https:\/\/peekin.me\/wp-content\/uploads\/Jerome_Pasquet-300x300.jpg 300w, https:\/\/peekin.me\/wp-content\/uploads\/Jerome_Pasquet-350x350.jpg 350w, https:\/\/peekin.me\/wp-content\/uploads\/Jerome_Pasquet-600x600.jpg 600w, https:\/\/peekin.me\/wp-content\/uploads\/Jerome_Pasquet-100x100.jpg 100w\" sizes=\"auto, (max-width: 800px) 100vw, 800px\" \/><\/div><div class=\"w-iconbox-meta\"><h3 class=\"w-iconbox-title\">J\u00e9r\u00f4me Pasquet<\/h3><div class=\"w-iconbox-text\"><h4 class=\"headline-5\" style=\"text-align: center\">#hablador<\/h4>\n<p style=\"text-align: center\">Fundador de PeeK&#8217;in, garantiza su durabilidad y buen funcionamiento al tiempo que mantiene una relaci\u00f3n de confianza con nuestros clientes.<\/p>\n<\/div><\/div><\/div><div class=\"w-iconbox iconpos_top style_default color_primary align_center icontype_img\"><div class=\"w-iconbox-icon\" style=\"font-size:11.5rem;\"><img loading=\"lazy\" decoding=\"async\" width=\"800\" height=\"800\" src=\"https:\/\/peekin.me\/wp-content\/uploads\/Jerome_Dumas.jpg\" class=\"attachment-full size-full\" alt=\"\" srcset=\"https:\/\/peekin.me\/wp-content\/uploads\/Jerome_Dumas.jpg 800w, https:\/\/peekin.me\/wp-content\/uploads\/Jerome_Dumas-300x300.jpg 300w, https:\/\/peekin.me\/wp-content\/uploads\/Jerome_Dumas-350x350.jpg 350w, https:\/\/peekin.me\/wp-content\/uploads\/Jerome_Dumas-600x600.jpg 600w, https:\/\/peekin.me\/wp-content\/uploads\/Jerome_Dumas-100x100.jpg 100w\" sizes=\"auto, (max-width: 800px) 100vw, 800px\" \/><\/div><div class=\"w-iconbox-meta\"><h3 class=\"w-iconbox-title\">J\u00e9r\u00f4me Dumas<\/h3><div class=\"w-iconbox-text\"><h4 class=\"headline-5\" style=\"text-align: center\">#technic<\/h4>\n<p style=\"text-align: center\">Ordenador o caja de herramientas, le da igual: J\u00e9r\u00f4me construye y mejora constantemente sus creaciones para mejorar el futuro.<\/p>\n<\/div><\/div><\/div><div class=\"w-iconbox iconpos_top style_default color_primary align_center icontype_img\"><div class=\"w-iconbox-icon\" style=\"font-size:11.5rem;\"><img loading=\"lazy\" decoding=\"async\" width=\"800\" height=\"800\" src=\"https:\/\/peekin.me\/wp-content\/uploads\/Pauline_Butault.jpg\" class=\"attachment-full size-full\" alt=\"\" srcset=\"https:\/\/peekin.me\/wp-content\/uploads\/Pauline_Butault.jpg 800w, https:\/\/peekin.me\/wp-content\/uploads\/Pauline_Butault-300x300.jpg 300w, https:\/\/peekin.me\/wp-content\/uploads\/Pauline_Butault-350x350.jpg 350w, https:\/\/peekin.me\/wp-content\/uploads\/Pauline_Butault-600x600.jpg 600w, https:\/\/peekin.me\/wp-content\/uploads\/Pauline_Butault-100x100.jpg 100w\" sizes=\"auto, (max-width: 800px) 100vw, 800px\" \/><\/div><div class=\"w-iconbox-meta\"><h3 class=\"w-iconbox-title\">Pauline Butault<\/h3><div class=\"w-iconbox-text\"><h4 class=\"headline-5\" style=\"text-align: center\">#international girl<\/h4>\n<p style=\"text-align: center\">Est\u00e1 llevando PeeK&#8217;in a nivel internacional.<\/p>\n<\/div><\/div><\/div><div class=\"w-iconbox iconpos_top style_default color_primary align_center icontype_img\"><div class=\"w-iconbox-icon\" style=\"font-size:11.5rem;\"><img loading=\"lazy\" decoding=\"async\" width=\"800\" height=\"800\" src=\"https:\/\/peekin.me\/wp-content\/uploads\/Charly_Allemand.jpg\" class=\"attachment-full size-full\" alt=\"\" srcset=\"https:\/\/peekin.me\/wp-content\/uploads\/Charly_Allemand.jpg 800w, https:\/\/peekin.me\/wp-content\/uploads\/Charly_Allemand-300x300.jpg 300w, https:\/\/peekin.me\/wp-content\/uploads\/Charly_Allemand-350x350.jpg 350w, https:\/\/peekin.me\/wp-content\/uploads\/Charly_Allemand-600x600.jpg 600w, https:\/\/peekin.me\/wp-content\/uploads\/Charly_Allemand-100x100.jpg 100w\" sizes=\"auto, (max-width: 800px) 100vw, 800px\" \/><\/div><div class=\"w-iconbox-meta\"><h3 class=\"w-iconbox-title\">Charly Allemand<\/h3><div class=\"w-iconbox-text\"><h4 class=\"headline-5\" style=\"text-align: center\">#multipass<\/h4>\n<p style=\"text-align: center\">Un sentido del contacto muy apreciado y un gusto desmesurado por los retos!<\/p>\n<\/div><\/div><\/div><div class=\"w-iconbox iconpos_top style_default color_primary align_center icontype_img\"><div class=\"w-iconbox-icon\" style=\"font-size:11.5rem;\"><img loading=\"lazy\" decoding=\"async\" width=\"800\" height=\"800\" src=\"https:\/\/peekin.me\/wp-content\/uploads\/Solene_Lelievre.jpg\" class=\"attachment-full size-full\" alt=\"\" srcset=\"https:\/\/peekin.me\/wp-content\/uploads\/Solene_Lelievre.jpg 800w, https:\/\/peekin.me\/wp-content\/uploads\/Solene_Lelievre-300x300.jpg 300w, https:\/\/peekin.me\/wp-content\/uploads\/Solene_Lelievre-350x350.jpg 350w, https:\/\/peekin.me\/wp-content\/uploads\/Solene_Lelievre-600x600.jpg 600w, https:\/\/peekin.me\/wp-content\/uploads\/Solene_Lelievre-100x100.jpg 100w\" sizes=\"auto, (max-width: 800px) 100vw, 800px\" \/><\/div><div class=\"w-iconbox-meta\"><h3 class=\"w-iconbox-title\">Sol\u00e8ne Leli\u00e8vre<\/h3><div class=\"w-iconbox-text\"><h4 class=\"headline-5\" style=\"text-align: center\">#meow<\/h4>\n<p style=\"text-align: center\">Sol\u00e8ne es nuestra obsesi\u00f3n en el servicio de atenci\u00f3n al cliente: \u00a1Clientes, Yes She Cares!<\/p>\n<\/div><\/div><\/div><div class=\"w-iconbox iconpos_top style_default color_primary align_center icontype_img\"><div class=\"w-iconbox-icon\" style=\"font-size:11.5rem;\"><img loading=\"lazy\" decoding=\"async\" width=\"800\" height=\"800\" src=\"https:\/\/peekin.me\/wp-content\/uploads\/Antoine_Nourris.jpg\" class=\"attachment-full size-full\" alt=\"\" srcset=\"https:\/\/peekin.me\/wp-content\/uploads\/Antoine_Nourris.jpg 800w, https:\/\/peekin.me\/wp-content\/uploads\/Antoine_Nourris-300x300.jpg 300w, https:\/\/peekin.me\/wp-content\/uploads\/Antoine_Nourris-350x350.jpg 350w, https:\/\/peekin.me\/wp-content\/uploads\/Antoine_Nourris-600x600.jpg 600w, https:\/\/peekin.me\/wp-content\/uploads\/Antoine_Nourris-100x100.jpg 100w\" sizes=\"auto, (max-width: 800px) 100vw, 800px\" \/><\/div><div class=\"w-iconbox-meta\"><h3 class=\"w-iconbox-title\">Antoine Nourris<\/h3><div class=\"w-iconbox-text\"><h4 class=\"headline-5\" style=\"text-align: center\">#ninja<\/h4>\n<p style=\"text-align: center\">Responsable del buen funcionamiento de la aplicaci\u00f3n PeeK&#8217;in y de su evoluci\u00f3n.<\/p>\n<\/div><\/div><\/div><div class=\"w-iconbox iconpos_top style_default color_primary align_center icontype_img\"><div class=\"w-iconbox-icon\" style=\"font-size:11.5rem;\"><img loading=\"lazy\" decoding=\"async\" width=\"800\" height=\"800\" src=\"https:\/\/peekin.me\/wp-content\/uploads\/Hedi_Blagui.jpg\" class=\"attachment-full size-full\" alt=\"\" srcset=\"https:\/\/peekin.me\/wp-content\/uploads\/Hedi_Blagui.jpg 800w, https:\/\/peekin.me\/wp-content\/uploads\/Hedi_Blagui-300x300.jpg 300w, https:\/\/peekin.me\/wp-content\/uploads\/Hedi_Blagui-350x350.jpg 350w, https:\/\/peekin.me\/wp-content\/uploads\/Hedi_Blagui-600x600.jpg 600w, https:\/\/peekin.me\/wp-content\/uploads\/Hedi_Blagui-100x100.jpg 100w\" sizes=\"auto, (max-width: 800px) 100vw, 800px\" \/><\/div><div class=\"w-iconbox-meta\"><h3 class=\"w-iconbox-title\">Hedi Blagui<\/h3><div class=\"w-iconbox-text\"><h4 class=\"headline-5\" style=\"text-align: center\">#fit boy<\/h4>\n<p style=\"text-align: center\">A\u00f1ade un toque l\u00fadico al registro de objetos perdidos mediante la magia de la IA.<\/p>\n<\/div><\/div><\/div><\/div><\/div><\/div><\/div><\/div><\/div><\/section>\n","protected":false},"excerpt":{"rendered":"La PeeK&#8217;in touchEl objetivo de PeeK&#8217;in es facilitar la recuperaci\u00f3n de objetos olvidados y ahorrar tiempo a los equipos que los gestionan. En resumen,\u00a1estar al servicio! \u00c9rase una vez&#8230; En el origen de PeeK&#8217;in est\u00e1 J\u00e9r\u00f4me Pasquet, nuestro fundador: acostumbrado a viajar por trabajo, se dio cuenta de que no pasaba una semana sin que...","protected":false},"author":11,"featured_media":0,"parent":0,"menu_order":0,"comment_status":"closed","ping_status":"closed","template":"","meta":{"_acf_changed":false,"footnotes":""},"class_list":["post-4853","page","type-page","status-publish","hentry"],"acf":[],"yoast_head":"<!-- This site is optimized with the Yoast SEO plugin v27.4 - https:\/\/yoast.com\/product\/yoast-seo-wordpress\/ -->\n<title>PeeK&#039;in Touch: optimiza la gesti\u00f3n de los objetos olvidados<\/title>\n<meta name=\"description\" content=\"M\u00e1s informaci\u00f3n sobre la historia de PeeK&#039;in, desarrollada conjuntamente con los hoteleros para satisfacer tus necesidades.\" \/>\n<meta name=\"robots\" content=\"index, follow, max-snippet:-1, max-image-preview:large, max-video-preview:-1\" \/>\n<link rel=\"canonical\" href=\"https:\/\/peekin.me\/es\/peekin-touch\/\" \/>\n<meta property=\"og:locale\" content=\"es_ES\" \/>\n<meta property=\"og:type\" content=\"article\" \/>\n<meta property=\"og:title\" content=\"PeeK&#039;in Touch: optimiza la gesti\u00f3n de los objetos olvidados\" \/>\n<meta property=\"og:description\" content=\"M\u00e1s informaci\u00f3n sobre la historia de PeeK&#039;in, desarrollada conjuntamente con los hoteleros para satisfacer tus necesidades.\" \/>\n<meta property=\"og:url\" content=\"https:\/\/peekin.me\/es\/peekin-touch\/\" \/>\n<meta property=\"og:site_name\" content=\"Peek&#039;in\" \/>\n<meta property=\"article:publisher\" content=\"https:\/\/www.facebook.com\/peekin.me\/\" \/>\n<meta property=\"article:modified_time\" content=\"2024-06-25T14:50:22+00:00\" \/>\n<meta name=\"twitter:card\" content=\"summary_large_image\" \/>\n<meta name=\"twitter:site\" content=\"@peek_in\" \/>\n<meta name=\"twitter:label1\" content=\"Tiempo de lectura\" \/>\n\t<meta name=\"twitter:data1\" content=\"3 minutos\" \/>\n<script type=\"application\/ld+json\" class=\"yoast-schema-graph\">{\"@context\":\"https:\\\/\\\/schema.org\",\"@graph\":[{\"@type\":\"WebPage\",\"@id\":\"https:\\\/\\\/peekin.me\\\/es\\\/peekin-touch\\\/\",\"url\":\"https:\\\/\\\/peekin.me\\\/es\\\/peekin-touch\\\/\",\"name\":\"PeeK'in Touch: optimiza la gesti\u00f3n de los objetos olvidados\",\"isPartOf\":{\"@id\":\"https:\\\/\\\/peekin.me\\\/es\\\/#website\"},\"datePublished\":\"2020-12-21T10:19:53+00:00\",\"dateModified\":\"2024-06-25T14:50:22+00:00\",\"description\":\"M\u00e1s informaci\u00f3n sobre la historia de PeeK'in, desarrollada conjuntamente con los hoteleros para satisfacer tus necesidades.\",\"breadcrumb\":{\"@id\":\"https:\\\/\\\/peekin.me\\\/es\\\/peekin-touch\\\/#breadcrumb\"},\"inLanguage\":\"es\",\"potentialAction\":[{\"@type\":\"ReadAction\",\"target\":[\"https:\\\/\\\/peekin.me\\\/es\\\/peekin-touch\\\/\"]}]},{\"@type\":\"BreadcrumbList\",\"@id\":\"https:\\\/\\\/peekin.me\\\/es\\\/peekin-touch\\\/#breadcrumb\",\"itemListElement\":[{\"@type\":\"ListItem\",\"position\":1,\"name\":\"Accueil\",\"item\":\"https:\\\/\\\/peekin.me\\\/es\\\/\"},{\"@type\":\"ListItem\",\"position\":2,\"name\":\"La PeeK&rsquo;in touch\"}]},{\"@type\":\"WebSite\",\"@id\":\"https:\\\/\\\/peekin.me\\\/es\\\/#website\",\"url\":\"https:\\\/\\\/peekin.me\\\/es\\\/\",\"name\":\"PeeKin\",\"description\":\"La satisfaction client par l&#039;objet (re) trouv\u00e9\",\"publisher\":{\"@id\":\"https:\\\/\\\/peekin.me\\\/es\\\/#organization\"},\"potentialAction\":[{\"@type\":\"SearchAction\",\"target\":{\"@type\":\"EntryPoint\",\"urlTemplate\":\"https:\\\/\\\/peekin.me\\\/es\\\/?s={search_term_string}\"},\"query-input\":{\"@type\":\"PropertyValueSpecification\",\"valueRequired\":true,\"valueName\":\"search_term_string\"}}],\"inLanguage\":\"es\"},{\"@type\":\"Organization\",\"@id\":\"https:\\\/\\\/peekin.me\\\/es\\\/#organization\",\"name\":\"PeeK'in\",\"url\":\"https:\\\/\\\/peekin.me\\\/es\\\/\",\"logo\":{\"@type\":\"ImageObject\",\"inLanguage\":\"es\",\"@id\":\"https:\\\/\\\/peekin.me\\\/es\\\/#\\\/schema\\\/logo\\\/image\\\/\",\"url\":\"https:\\\/\\\/peekin.me\\\/wp-content\\\/uploads\\\/2019\\\/01\\\/logo.png\",\"contentUrl\":\"https:\\\/\\\/peekin.me\\\/wp-content\\\/uploads\\\/2019\\\/01\\\/logo.png\",\"width\":320,\"height\":150,\"caption\":\"PeeK'in\"},\"image\":{\"@id\":\"https:\\\/\\\/peekin.me\\\/es\\\/#\\\/schema\\\/logo\\\/image\\\/\"},\"sameAs\":[\"https:\\\/\\\/www.facebook.com\\\/peekin.me\\\/\",\"https:\\\/\\\/x.com\\\/peek_in\",\"https:\\\/\\\/fr.linkedin.com\\\/company\\\/peekin\"]}]}<\/script>\n<!-- \/ Yoast SEO plugin. -->","yoast_head_json":{"title":"PeeK'in Touch: optimiza la gesti\u00f3n de los objetos olvidados","description":"M\u00e1s informaci\u00f3n sobre la historia de PeeK'in, desarrollada conjuntamente con los hoteleros para satisfacer tus necesidades.","robots":{"index":"index","follow":"follow","max-snippet":"max-snippet:-1","max-image-preview":"max-image-preview:large","max-video-preview":"max-video-preview:-1"},"canonical":"https:\/\/peekin.me\/es\/peekin-touch\/","og_locale":"es_ES","og_type":"article","og_title":"PeeK'in Touch: optimiza la gesti\u00f3n de los objetos olvidados","og_description":"M\u00e1s informaci\u00f3n sobre la historia de PeeK'in, desarrollada conjuntamente con los hoteleros para satisfacer tus necesidades.","og_url":"https:\/\/peekin.me\/es\/peekin-touch\/","og_site_name":"Peek&#039;in","article_publisher":"https:\/\/www.facebook.com\/peekin.me\/","article_modified_time":"2024-06-25T14:50:22+00:00","twitter_card":"summary_large_image","twitter_site":"@peek_in","twitter_misc":{"Tiempo de lectura":"3 minutos"},"schema":{"@context":"https:\/\/schema.org","@graph":[{"@type":"WebPage","@id":"https:\/\/peekin.me\/es\/peekin-touch\/","url":"https:\/\/peekin.me\/es\/peekin-touch\/","name":"PeeK'in Touch: optimiza la gesti\u00f3n de los objetos olvidados","isPartOf":{"@id":"https:\/\/peekin.me\/es\/#website"},"datePublished":"2020-12-21T10:19:53+00:00","dateModified":"2024-06-25T14:50:22+00:00","description":"M\u00e1s informaci\u00f3n sobre la historia de PeeK'in, desarrollada conjuntamente con los hoteleros para satisfacer tus necesidades.","breadcrumb":{"@id":"https:\/\/peekin.me\/es\/peekin-touch\/#breadcrumb"},"inLanguage":"es","potentialAction":[{"@type":"ReadAction","target":["https:\/\/peekin.me\/es\/peekin-touch\/"]}]},{"@type":"BreadcrumbList","@id":"https:\/\/peekin.me\/es\/peekin-touch\/#breadcrumb","itemListElement":[{"@type":"ListItem","position":1,"name":"Accueil","item":"https:\/\/peekin.me\/es\/"},{"@type":"ListItem","position":2,"name":"La PeeK&rsquo;in touch"}]},{"@type":"WebSite","@id":"https:\/\/peekin.me\/es\/#website","url":"https:\/\/peekin.me\/es\/","name":"PeeKin","description":"La satisfaction client par l&#039;objet (re) trouv\u00e9","publisher":{"@id":"https:\/\/peekin.me\/es\/#organization"},"potentialAction":[{"@type":"SearchAction","target":{"@type":"EntryPoint","urlTemplate":"https:\/\/peekin.me\/es\/?s={search_term_string}"},"query-input":{"@type":"PropertyValueSpecification","valueRequired":true,"valueName":"search_term_string"}}],"inLanguage":"es"},{"@type":"Organization","@id":"https:\/\/peekin.me\/es\/#organization","name":"PeeK'in","url":"https:\/\/peekin.me\/es\/","logo":{"@type":"ImageObject","inLanguage":"es","@id":"https:\/\/peekin.me\/es\/#\/schema\/logo\/image\/","url":"https:\/\/peekin.me\/wp-content\/uploads\/2019\/01\/logo.png","contentUrl":"https:\/\/peekin.me\/wp-content\/uploads\/2019\/01\/logo.png","width":320,"height":150,"caption":"PeeK'in"},"image":{"@id":"https:\/\/peekin.me\/es\/#\/schema\/logo\/image\/"},"sameAs":["https:\/\/www.facebook.com\/peekin.me\/","https:\/\/x.com\/peek_in","https:\/\/fr.linkedin.com\/company\/peekin"]}]}},"_links":{"self":[{"href":"https:\/\/peekin.me\/es\/wp-json\/wp\/v2\/pages\/4853","targetHints":{"allow":["GET"]}}],"collection":[{"href":"https:\/\/peekin.me\/es\/wp-json\/wp\/v2\/pages"}],"about":[{"href":"https:\/\/peekin.me\/es\/wp-json\/wp\/v2\/types\/page"}],"author":[{"embeddable":true,"href":"https:\/\/peekin.me\/es\/wp-json\/wp\/v2\/users\/11"}],"replies":[{"embeddable":true,"href":"https:\/\/peekin.me\/es\/wp-json\/wp\/v2\/comments?post=4853"}],"version-history":[{"count":11,"href":"https:\/\/peekin.me\/es\/wp-json\/wp\/v2\/pages\/4853\/revisions"}],"predecessor-version":[{"id":5486,"href":"https:\/\/peekin.me\/es\/wp-json\/wp\/v2\/pages\/4853\/revisions\/5486"}],"wp:attachment":[{"href":"https:\/\/peekin.me\/es\/wp-json\/wp\/v2\/media?parent=4853"}],"curies":[{"name":"wp","href":"https:\/\/api.w.org\/{rel}","templated":true}]}}