{"id":4998,"date":"2018-05-16T11:07:59","date_gmt":"2018-05-16T09:07:59","guid":{"rendered":"https:\/\/peekin.me\/menciones-legales-2\/"},"modified":"2024-06-25T16:58:12","modified_gmt":"2024-06-25T14:58:12","slug":"menciones-legales","status":"publish","type":"page","link":"https:\/\/peekin.me\/es\/menciones-legales\/","title":{"rendered":"Menciones legales"},"content":{"rendered":"<section class=\"l-section wpb_row legals height_medium\"><div class=\"l-section-h i-cf\"><div class=\"g-cols vc_row via_flex valign_top type_default stacking_default\"><div class=\"vc_col-sm-12 wpb_column vc_column_container\"><div class=\"vc_column-inner\"><div class=\"wpb_wrapper\"><h1 class=\"w-post-elm post_title title-bar align_center entry-title color_link_inherit\">Menciones legales<\/h1><div class=\"wpb_text_column\"><div class=\"wpb_wrapper\"><p>La consulta del sitio web \u00ab\u00a0<strong>www.peekin.me<\/strong> \u00bb (en lo que denominamos \u00ab\u00a0<strong>el Sitio<\/strong>\u00a0\u00bb) est\u00e1 supeditada a la plena aceptaci\u00f3n y cumplimiento por parte de los internautas de las siguientes condiciones de uso.<\/p>\n<p>El internauta se compromete a utilizar la informaci\u00f3n contenida en <strong>el Sitio<\/strong> para fines personales y no comerciales. En caso de incumplimiento de estas disposiciones por parte del internauta, podr\u00e1 incurrir en responsabilidad.<\/p>\n<\/div><\/div><div class=\"w-separator size_large with_line width_default thick_1 style_solid color_border align_center\"><div class=\"w-separator-h\"><\/div><\/div><div class=\"wpb_text_column no-padding\"><div class=\"wpb_wrapper\"><h2>Identificaci\u00f3n y publicaci\u00f3n<\/h2>\n<h4>Informaci\u00f3n sobre el editor del sitio web<\/h4>\n<p>Empresa PEEK&#8217;IN<br \/>\nSociedad por acciones simplificada con un \u00fanico accionista<br \/>\nDirecci\u00f3n: 54 rue Desaix, 44 000 NANTES<br \/>\nInscrita en el RCS de Nantes con el n\u00famero 832 852 776<br \/>\nSIRET : 832 852 776 00018<br \/>\nTel\u00e9fono: +33 (0)9 70 70 27 00 (precio de una llamada local)<br \/>\nIVA intracomunitario: FR39-832852776<br \/>\nAPE : 6201Z<\/p>\n<h4>Informaci\u00f3n sobre el anfitri\u00f3n<\/h4>\n<p>El Sitio est\u00e1 alojado en OVH, 2 rue Kellermann, 59100 ROUBAIX. Tel\u00e9fono: +33 (0)9 72 10 10 07 (Precio de una llamada local)<\/p>\n<h4>Informaci\u00f3n sobre el anfitri\u00f3n<\/h4>\n<p>Director de la publicaci\u00f3n: J\u00e9r\u00f4me PASQUET<br \/>\nEl Sitio es propiedad exclusiva de PEEK&#8217;IN<br \/>\nFue dise\u00f1ado y producido por Paul Factory (<a href=\"http:\/\/www.paul-factory.com\">www.paul-factory.com<\/a>)<\/p>\n<\/div><\/div><div class=\"wpb_text_column\"><div class=\"wpb_wrapper\"><h2>Contenido del sitio<\/h2>\n<p><strong>El Sitio<\/strong> est\u00e1 gestionado por <strong>PEEK&#8217;IN<\/strong>, que ofrece soluciones a los profesionales que les permiten gestionar el destino de los objetos olvidados por sus clientes y facilitar su devoluci\u00f3n en caso necesario.<\/p>\n<\/div><\/div><div class=\"wpb_text_column\"><div class=\"wpb_wrapper\"><h2>Derechos de propiedad intelectual<\/h2>\n<h4>Copyright<\/h4>\n<p><strong>El Sitio<\/strong> constituye una obra original y <strong>PEEK&#8217;IN<\/strong> es titular de los derechos de autor sobre la misma, de conformidad con los art\u00edculos L111-1 y siguientes del C\u00f3digo franc\u00e9s de la Propiedad Intelectual.<br \/>\nSe recuerda que todas las im\u00e1genes, textos o elementos gr\u00e1ficos contenidos en este Sitio pueden constituir obras intelectuales, benefici\u00e1ndose as\u00ed de la protecci\u00f3n de los derechos de autor, de conformidad con las disposiciones de este mismo C\u00f3digo.<br \/>\nCualquier representaci\u00f3n o reproducci\u00f3n, total o parcial, permanente o temporal, en soporte inform\u00e1tico y\/o papel, y por cualquier medio (en particular mediante framing), de cualquiera de los elementos del<strong> Sitio<\/strong>, sin el acuerdo previo y expreso de <strong>PEEK&#8217;IN<\/strong>, est\u00e1 prohibida y constituye un acto de falsificaci\u00f3n, que puede dar lugar a sanciones civiles y\/o penales, de conformidad con los art\u00edculos L.331-1 y siguientes y L.335-2 y siguientes del C\u00f3digo de la Propiedad Intelectual, sin perjuicio de las excepciones mencionadas en el art\u00edculo L.122-5 de este mismo C\u00f3digo.<\/p>\n<\/div><\/div><div class=\"wpb_text_column\"><div class=\"wpb_wrapper\"><h2>Protecci\u00f3n de datos personales<\/h2>\n<p>Se podr\u00e1 solicitar al internauta que facilite determinados datos personales (apellidos, nombre, direcci\u00f3n de correo electr\u00f3nico, n\u00famero de tel\u00e9fono, c\u00f3digo postal, localidad) al responder a los formularios que se le propongan, en particular para ponerse en contacto con <strong>PEEK&#8217;IN<\/strong>. La introducci\u00f3n de estos datos es necesaria para que <strong>PEEK&#8217;IN<\/strong> pueda procesar la solicitud del internauta y poner en marcha sus operaciones comerciales y promocionales. Si no se introducen estos datos en los formularios, la solicitud del internauta no ser\u00e1 tramitada por <strong>PEEK&#8217;IN<\/strong>.<\/p>\n<p>En este sentido, <strong>PEEK&#8217;IN<\/strong> cumple con las disposiciones del RGPD (Reglamento (UE) 2016\/679 del Parlamento Europeo y del Consejo, de 27 de abril de 2016, relativo a la protecci\u00f3n de las personas f\u00edsicas en lo que respecta al tratamiento de datos personales y a la libre circulaci\u00f3n de estos datos) y la ley de 6 de enero de 1978 conocida como Loi informatique et Libert\u00e9s (Ley de protecci\u00f3n de datos), modificada por la ley n.\u00ba 2018-493 de 20 de junio de 2018 relativa a la protecci\u00f3n de datos personales (LIL).<\/p>\n<p>Se compromete a tomar todas las precauciones necesarias para preservar la seguridad de la informaci\u00f3n personal que se le conf\u00ede. No se comunicar\u00e1 ninguna informaci\u00f3n personal a terceras empresas sin el consentimiento previo e informado del internauta.<\/p>\n<p>El internauta podr\u00e1 en todo momento ejercitar los derechos de acceso, rectificaci\u00f3n, supresi\u00f3n, limitaci\u00f3n, oposici\u00f3n y portabilidad de los datos que facilite a <strong>PEEK&#8217;IN<\/strong>, mediante correo postal a la direcci\u00f3n de la empresa arriba indicada (apartado Identificaci\u00f3n y Publicaci\u00f3n) o a trav\u00e9s del formulario de contacto. El ejercicio de todos estos derechos est\u00e1 sujeto a la transmisi\u00f3n de un documento de identidad a <strong>PEEK&#8217;IN<\/strong> con la solicitud realizada por el internauta a este respecto.<\/p>\n<p>Para cualquier informaci\u00f3n complementaria, el internauta puede consultar <strong>el sitio<\/strong> de la CNIL <a href=\"http:\/\/www.cnil.fr\"><strong>www.cnil.fr<\/strong><\/a>.<\/p>\n<h4>Tratamiento de datos tras el fallecimiento<\/h4>\n<p>De conformidad con el nuevo art\u00edculo 40-1 de la LIL, se informa al internauta de que puede comunicar a <strong>PEEK&#8217;IN<\/strong> las directrices que desea que se apliquen para gestionar sus datos personales tras su fallecimiento.<\/p>\n<\/div><\/div><div class=\"wpb_text_column\"><div class=\"wpb_wrapper\"><h2>Cookies<\/h2>\n<p>Un cookie es un fichero de texto depositado en el disco duro del internauta por el servidor del<strong> sitio<\/strong> web visitado por \u00e9ste. Sin embargo, un cookie no identifica al usuario. Simplemente crea un n\u00famero aleatorio que registra la informaci\u00f3n.<\/p>\n<p><strong>El Sitio<\/strong> utiliza cookies para analizar y facilitar la navegaci\u00f3n en <strong>el Sitio<\/strong>.<\/p>\n<p>El internauta consiente el uso de estos cookies haciendo clic en el bot\u00f3n \u00abOK\u00bb situado en el banner que aparece en la p\u00e1gina de inicio del <strong>Sitio<\/strong>.<\/p>\n<p>Se conservan durante 30 d\u00edas. Al final de este periodo, deber\u00e1 obtenerse de nuevo el consentimiento del usuario.<\/p>\n<p>El usuario de Internet puede desactivar el uso de cookies seleccionando la configuraci\u00f3n adecuada en su navegador.<\/p>\n<h4>Para Mozilla Firefox :<\/h4>\n<ol>\n<li>Elige el men\u00fa \u00abherramientas\u00bb y luego \u00abopciones\u00bb,<\/li>\n<li>Haga clic en el icono \u00abprivacidad y seguridad\u00bb,<\/li>\n<li>Busque el men\u00fa \u00abNormas de retenci\u00f3n\u00bb y seleccione las opciones que le convengan.<\/li>\n<\/ol>\n<h4>Para Microsoft Internet Explorer :<\/h4>\n<ol>\n<li>Selecciona el men\u00fa \u00abHerramientas\u00bb y, a continuaci\u00f3n, \u00abOpciones de Internet\u00bb,<\/li>\n<li>Haga clic en la pesta\u00f1a \u00abConfidencialidad\u00bb y, a continuaci\u00f3n, en \u00abConfiguraci\u00f3n avanzada\u00bb.<\/li>\n<li>Seleccione las opciones que m\u00e1s le convengan.<\/li>\n<\/ol>\n<h4>Para Google Chrome :<\/h4>\n<ol>\n<li>Seleccione el men\u00fa \u00abAjustes\u00bb, \u00abAjustes avanzados\u00bb y \u00abAjustes de contenido\u00bb,<\/li>\n<li>Elija el men\u00fa \u00abcookies\u00bb y seleccione \u00abbloqueado\u00bb.<\/li>\n<\/ol>\n<h4>Para Safari :<\/h4>\n<ol>\n<li>Elija el men\u00fa \u00abSafari\u00bb, luego \u00abpreferencias\u00bb y despu\u00e9s \u00abprivacidad\u00bb.<\/li>\n<li>Seleccione \u00abrechazar cookies\u00bb.<\/li>\n<\/ol>\n<h4>Para Opera :<\/h4>\n<ol>\n<li>Seleccione el men\u00fa \u00abPreferencias\u00bb, \u00abAvanzado\u00bb y \u00abCookies\u00bb.<\/li>\n<li>Seleccione no aceptar cookies nunca\u00bb.<\/li>\n<\/ol>\n<\/div><\/div><div class=\"wpb_text_column\"><div class=\"wpb_wrapper\"><h2>Responsabilidad<\/h2>\n<p>El internauta es el \u00fanico responsable del uso que haga del contenido del Sitio. Salvo en caso de falta grave por parte de <strong>PEEK&#8217;IN<\/strong>, <strong>PEEK&#8217;IN<\/strong> no podr\u00e1 ser considerado responsable de ning\u00fan da\u00f1o directo o indirecto resultante de la utilizaci\u00f3n de la informaci\u00f3n proporcionada en el Sitio Web.<\/p>\n<h4>Funcionamiento del sitio<\/h4>\n<p><strong>PEEK&#8217;IN<\/strong> declina toda responsabilidad por el mal funcionamiento que pueda producirse en el Sitio y que provoque una p\u00e9rdida de datos o la indisponibilidad de acceso a la informaci\u00f3n producida en el mismo.<\/p>\n<h4>Contenido del sitio<\/h4>\n<p>Los elementos presentados en el Sitio est\u00e1n sujetos a modificaci\u00f3n, sin previo aviso, y se ponen a disposici\u00f3n de los internautas sin garant\u00eda de ning\u00fan tipo, ya sea expresa o t\u00e1cita. <strong>PEEK&#8217;IN<\/strong> no puede garantizar la integridad y exactitud de la informaci\u00f3n contenida en el Sitio. Del mismo modo, no puede garantizar la ausencia de modificaciones por parte de terceros (intrusi\u00f3n, virus).<\/p>\n<h4>Presencia de enlaces de hipertexto<\/h4>\n<p><strong>PEEK&#8217;IN<\/strong> no se responsabiliza en modo alguno del contenido, los productos o los servicios ofrecidos en los sitios web a los que el Sitio est\u00e1 vinculado mediante enlaces de hipertexto o cualquier otro tipo de enlace. La presencia de enlaces de hipertexto en el Sitio, independientemente de que <strong>PEEK&#8217;IN<\/strong> haya dado o no previamente su consentimiento, no crea responsabilidad solidaria entre <strong>PEEK&#8217;IN<\/strong> y los propietarios de los otros sitios, en relaci\u00f3n con el contenido de los sitios a los que el internauta es redirigido.<\/p>\n<\/div><\/div><div class=\"wpb_text_column\"><div class=\"wpb_wrapper\"><h2>Legislaci\u00f3n y jurisdicci\u00f3n aplicables<\/h2>\n<p>Toda la informaci\u00f3n publicada en <strong>el Sitio<\/strong> y el uso que se haga de ella est\u00e1n sujetos exclusivamente a la legislaci\u00f3n francesa. S\u00f3lo los tribunales de la jurisdicci\u00f3n del Tribunal de Apelaci\u00f3n del domicilio social de <strong>PEEK&#8217;IN<\/strong> son competentes para conocer de los litigios derivados de la utilizaci\u00f3n del <strong>Sitio<\/strong>, salvo en caso de jurisdicci\u00f3n imperativa espec\u00edfica.<\/p>\n<\/div><\/div><\/div><\/div><\/div><\/div><\/div><\/section>\n","protected":false},"excerpt":{"rendered":"Menciones legalesLa consulta del sitio web \u00ab\u00a0www.peekin.me \u00bb (en lo que denominamos \u00ab\u00a0el Sitio\u00a0\u00bb) est\u00e1 supeditada a la plena aceptaci\u00f3n y cumplimiento por parte de los internautas de las siguientes condiciones de uso. El internauta se compromete a utilizar la informaci\u00f3n contenida en el Sitio para fines personales y no comerciales. En caso de incumplimiento...","protected":false},"author":11,"featured_media":0,"parent":0,"menu_order":99,"comment_status":"closed","ping_status":"closed","template":"","meta":{"_acf_changed":false,"footnotes":""},"class_list":["post-4998","page","type-page","status-publish","hentry"],"acf":[],"yoast_head":"<!-- This site is optimized with the Yoast SEO plugin v27.3 - https:\/\/yoast.com\/product\/yoast-seo-wordpress\/ -->\n<title>Aviso legal | PeeK&#039;in<\/title>\n<meta name=\"description\" content=\"Consulta el aviso legal de PeeK&#039;in para saber m\u00e1s sobre las condiciones de uso de nuestra web y servicios.\" \/>\n<meta name=\"robots\" content=\"index, follow, max-snippet:-1, max-image-preview:large, max-video-preview:-1\" \/>\n<link rel=\"canonical\" href=\"https:\/\/peekin.me\/es\/menciones-legales\/\" \/>\n<meta property=\"og:locale\" content=\"es_ES\" \/>\n<meta property=\"og:type\" content=\"article\" \/>\n<meta property=\"og:title\" content=\"Aviso legal | PeeK&#039;in\" \/>\n<meta property=\"og:description\" content=\"Consulta el aviso legal de PeeK&#039;in para saber m\u00e1s sobre las condiciones de uso de nuestra web y servicios.\" \/>\n<meta property=\"og:url\" content=\"https:\/\/peekin.me\/es\/menciones-legales\/\" \/>\n<meta property=\"og:site_name\" content=\"Peek&#039;in\" \/>\n<meta property=\"article:publisher\" content=\"https:\/\/www.facebook.com\/peekin.me\/\" \/>\n<meta property=\"article:modified_time\" content=\"2024-06-25T14:58:12+00:00\" \/>\n<meta name=\"twitter:card\" content=\"summary_large_image\" \/>\n<meta name=\"twitter:site\" content=\"@peek_in\" \/>\n<meta name=\"twitter:label1\" content=\"Tiempo de lectura\" \/>\n\t<meta name=\"twitter:data1\" content=\"7 minutos\" \/>\n<script type=\"application\/ld+json\" class=\"yoast-schema-graph\">{\"@context\":\"https:\\\/\\\/schema.org\",\"@graph\":[{\"@type\":\"WebPage\",\"@id\":\"https:\\\/\\\/peekin.me\\\/es\\\/menciones-legales\\\/\",\"url\":\"https:\\\/\\\/peekin.me\\\/es\\\/menciones-legales\\\/\",\"name\":\"Aviso legal | PeeK'in\",\"isPartOf\":{\"@id\":\"https:\\\/\\\/peekin.me\\\/es\\\/#website\"},\"datePublished\":\"2018-05-16T09:07:59+00:00\",\"dateModified\":\"2024-06-25T14:58:12+00:00\",\"description\":\"Consulta el aviso legal de PeeK'in para saber m\u00e1s sobre las condiciones de uso de nuestra web y servicios.\",\"breadcrumb\":{\"@id\":\"https:\\\/\\\/peekin.me\\\/es\\\/menciones-legales\\\/#breadcrumb\"},\"inLanguage\":\"es\",\"potentialAction\":[{\"@type\":\"ReadAction\",\"target\":[\"https:\\\/\\\/peekin.me\\\/es\\\/menciones-legales\\\/\"]}]},{\"@type\":\"BreadcrumbList\",\"@id\":\"https:\\\/\\\/peekin.me\\\/es\\\/menciones-legales\\\/#breadcrumb\",\"itemListElement\":[{\"@type\":\"ListItem\",\"position\":1,\"name\":\"Accueil\",\"item\":\"https:\\\/\\\/peekin.me\\\/es\\\/\"},{\"@type\":\"ListItem\",\"position\":2,\"name\":\"Menciones legales\"}]},{\"@type\":\"WebSite\",\"@id\":\"https:\\\/\\\/peekin.me\\\/es\\\/#website\",\"url\":\"https:\\\/\\\/peekin.me\\\/es\\\/\",\"name\":\"PeeKin\",\"description\":\"La satisfaction client par l&#039;objet (re) trouv\u00e9\",\"publisher\":{\"@id\":\"https:\\\/\\\/peekin.me\\\/es\\\/#organization\"},\"potentialAction\":[{\"@type\":\"SearchAction\",\"target\":{\"@type\":\"EntryPoint\",\"urlTemplate\":\"https:\\\/\\\/peekin.me\\\/es\\\/?s={search_term_string}\"},\"query-input\":{\"@type\":\"PropertyValueSpecification\",\"valueRequired\":true,\"valueName\":\"search_term_string\"}}],\"inLanguage\":\"es\"},{\"@type\":\"Organization\",\"@id\":\"https:\\\/\\\/peekin.me\\\/es\\\/#organization\",\"name\":\"PeeK'in\",\"url\":\"https:\\\/\\\/peekin.me\\\/es\\\/\",\"logo\":{\"@type\":\"ImageObject\",\"inLanguage\":\"es\",\"@id\":\"https:\\\/\\\/peekin.me\\\/es\\\/#\\\/schema\\\/logo\\\/image\\\/\",\"url\":\"https:\\\/\\\/peekin.me\\\/wp-content\\\/uploads\\\/2019\\\/01\\\/logo.png\",\"contentUrl\":\"https:\\\/\\\/peekin.me\\\/wp-content\\\/uploads\\\/2019\\\/01\\\/logo.png\",\"width\":320,\"height\":150,\"caption\":\"PeeK'in\"},\"image\":{\"@id\":\"https:\\\/\\\/peekin.me\\\/es\\\/#\\\/schema\\\/logo\\\/image\\\/\"},\"sameAs\":[\"https:\\\/\\\/www.facebook.com\\\/peekin.me\\\/\",\"https:\\\/\\\/x.com\\\/peek_in\",\"https:\\\/\\\/fr.linkedin.com\\\/company\\\/peekin\"]}]}<\/script>\n<!-- \/ Yoast SEO plugin. -->","yoast_head_json":{"title":"Aviso legal | PeeK'in","description":"Consulta el aviso legal de PeeK'in para saber m\u00e1s sobre las condiciones de uso de nuestra web y servicios.","robots":{"index":"index","follow":"follow","max-snippet":"max-snippet:-1","max-image-preview":"max-image-preview:large","max-video-preview":"max-video-preview:-1"},"canonical":"https:\/\/peekin.me\/es\/menciones-legales\/","og_locale":"es_ES","og_type":"article","og_title":"Aviso legal | PeeK'in","og_description":"Consulta el aviso legal de PeeK'in para saber m\u00e1s sobre las condiciones de uso de nuestra web y servicios.","og_url":"https:\/\/peekin.me\/es\/menciones-legales\/","og_site_name":"Peek&#039;in","article_publisher":"https:\/\/www.facebook.com\/peekin.me\/","article_modified_time":"2024-06-25T14:58:12+00:00","twitter_card":"summary_large_image","twitter_site":"@peek_in","twitter_misc":{"Tiempo de lectura":"7 minutos"},"schema":{"@context":"https:\/\/schema.org","@graph":[{"@type":"WebPage","@id":"https:\/\/peekin.me\/es\/menciones-legales\/","url":"https:\/\/peekin.me\/es\/menciones-legales\/","name":"Aviso legal | PeeK'in","isPartOf":{"@id":"https:\/\/peekin.me\/es\/#website"},"datePublished":"2018-05-16T09:07:59+00:00","dateModified":"2024-06-25T14:58:12+00:00","description":"Consulta el aviso legal de PeeK'in para saber m\u00e1s sobre las condiciones de uso de nuestra web y servicios.","breadcrumb":{"@id":"https:\/\/peekin.me\/es\/menciones-legales\/#breadcrumb"},"inLanguage":"es","potentialAction":[{"@type":"ReadAction","target":["https:\/\/peekin.me\/es\/menciones-legales\/"]}]},{"@type":"BreadcrumbList","@id":"https:\/\/peekin.me\/es\/menciones-legales\/#breadcrumb","itemListElement":[{"@type":"ListItem","position":1,"name":"Accueil","item":"https:\/\/peekin.me\/es\/"},{"@type":"ListItem","position":2,"name":"Menciones legales"}]},{"@type":"WebSite","@id":"https:\/\/peekin.me\/es\/#website","url":"https:\/\/peekin.me\/es\/","name":"PeeKin","description":"La satisfaction client par l&#039;objet (re) trouv\u00e9","publisher":{"@id":"https:\/\/peekin.me\/es\/#organization"},"potentialAction":[{"@type":"SearchAction","target":{"@type":"EntryPoint","urlTemplate":"https:\/\/peekin.me\/es\/?s={search_term_string}"},"query-input":{"@type":"PropertyValueSpecification","valueRequired":true,"valueName":"search_term_string"}}],"inLanguage":"es"},{"@type":"Organization","@id":"https:\/\/peekin.me\/es\/#organization","name":"PeeK'in","url":"https:\/\/peekin.me\/es\/","logo":{"@type":"ImageObject","inLanguage":"es","@id":"https:\/\/peekin.me\/es\/#\/schema\/logo\/image\/","url":"https:\/\/peekin.me\/wp-content\/uploads\/2019\/01\/logo.png","contentUrl":"https:\/\/peekin.me\/wp-content\/uploads\/2019\/01\/logo.png","width":320,"height":150,"caption":"PeeK'in"},"image":{"@id":"https:\/\/peekin.me\/es\/#\/schema\/logo\/image\/"},"sameAs":["https:\/\/www.facebook.com\/peekin.me\/","https:\/\/x.com\/peek_in","https:\/\/fr.linkedin.com\/company\/peekin"]}]}},"_links":{"self":[{"href":"https:\/\/peekin.me\/es\/wp-json\/wp\/v2\/pages\/4998","targetHints":{"allow":["GET"]}}],"collection":[{"href":"https:\/\/peekin.me\/es\/wp-json\/wp\/v2\/pages"}],"about":[{"href":"https:\/\/peekin.me\/es\/wp-json\/wp\/v2\/types\/page"}],"author":[{"embeddable":true,"href":"https:\/\/peekin.me\/es\/wp-json\/wp\/v2\/users\/11"}],"replies":[{"embeddable":true,"href":"https:\/\/peekin.me\/es\/wp-json\/wp\/v2\/comments?post=4998"}],"version-history":[{"count":8,"href":"https:\/\/peekin.me\/es\/wp-json\/wp\/v2\/pages\/4998\/revisions"}],"predecessor-version":[{"id":5043,"href":"https:\/\/peekin.me\/es\/wp-json\/wp\/v2\/pages\/4998\/revisions\/5043"}],"wp:attachment":[{"href":"https:\/\/peekin.me\/es\/wp-json\/wp\/v2\/media?parent=4998"}],"curies":[{"name":"wp","href":"https:\/\/api.w.org\/{rel}","templated":true}]}}